{"id":3537,"date":"2022-12-09T16:43:40","date_gmt":"2022-12-09T15:43:40","guid":{"rendered":"https:\/\/leorentalcars.it\/consegna-e-ripresa\/"},"modified":"2024-03-21T12:26:40","modified_gmt":"2024-03-21T11:26:40","slug":"livraison-et-reprise","status":"publish","type":"page","link":"https:\/\/leorentalcars.it\/fr\/livraison-et-reprise\/","title":{"rendered":"Livraison et Reprise"},"content":{"rendered":"<p>[vc_row css=&#8221;.vc_custom_1453450201221{margin-bottom: 15px !important;}&#8221;][vc_column][vc_single_image image=&#8221;3267&#8243; img_size=&#8221;full&#8221;][\/vc_column][\/vc_row][vc_row][vc_column][vc_custom_heading text=&#8221;LIVRAISON ET REPRISE&#8221; use_theme_fonts=&#8221;yes&#8221; el_class=&#8221;title&#8221;][vc_column_text]Nous proposons un service de Livraison et Reprise dans toutes les Pouilles. Il est totalement gratuit pour la ville de Brindisi, tandis que pour les autres destinations des Pouilles une contribution est pr\u00e9vue. Notre service de Livraison et Reprise est actif sept jours sur sept toute l\u2019ann\u00e9e, jours f\u00e9ri\u00e9s inclus, et a \u00e9t\u00e9 mis en place afin d\u2019apporter un confort maximal \u00e0 nos clients.<\/p>\n<p>D\u00e9couvrez d\u00e8s maintenant les tarifs avantageux de <a href=\"https:\/\/leorentalcars.it\/fr\/\">location de voitures a\u00e9roport Brindisi: Leorentalcars<\/a>[\/vc_column_text][\/vc_column][\/vc_row][vc_row][vc_column width=&#8221;7\/12&#8243;][vc_custom_heading text=&#8221;TRANSPORTS \u00c0 PARTIR DE&#8221; use_theme_fonts=&#8221;yes&#8221; el_class=&#8221;title&#8221;]<ul class='list list-circle-arrow'><li>Brindisi ville<\/li><li>A\u00e9roport de Brindisi<\/li><li>A\u00e9roport de Bari<\/li><li>A\u00e9roport de Grottaglie<\/li><li>Gares ferroviaires des Pouilles<\/li><li>H\u00f4tels, maisons de vacances des Pouilles<\/li><li>Tout emplacement des Pouilles<\/li><\/ul>[\/vc_column][vc_column width=&#8221;5\/12&#8243;][vc_custom_heading text=&#8221;POURQUOI NOUS CHOISIR&#8221; use_theme_fonts=&#8221;yes&#8221; el_class=&#8221;title&#8221;][vc_column_text]Notre service de Livraison et Reprise m\u00eame en-dehors du si\u00e8ge de location, mis au point par Leorentalcars, vous permet de louer une voiture dans toutes les Pouilles.<\/p>\n<p>Cela signifie que vous pouvez, en toute praticit\u00e9, r\u00e9cup\u00e9rer la voiture de location o\u00f9 vous le souhaitez et la rendre de la m\u00eame fa\u00e7on dans tout emplacement des Pouilles.<\/p>\n<p>Avec Leorentalcars, vous savez exactement combien co\u00fbte votre location, avec un check-in et une restitution faciles et efficaces \u00e0 tous les coups.[\/vc_column_text][\/vc_column][\/vc_row]<\/p>\n","protected":false},"excerpt":{"rendered":"<p>[vc_row css=&#8221;.vc_custom_1453450201221{margin-bottom: 15px !important;}&#8221;][vc_column][vc_single_image image=&#8221;3267&#8243; img_size=&#8221;full&#8221;][\/vc_column][\/vc_row][vc_row][vc_column][vc_custom_heading text=&#8221;LIVRAISON ET REPRISE&#8221; use_theme_fonts=&#8221;yes&#8221; el_class=&#8221;title&#8221;][vc_column_text]Nous proposons un service de Livraison et Reprise dans toutes les Pouilles. Il est totalement gratuit pour la ville de Brindisi, tandis que pour les autres destinations des Pouilles une &hellip;<\/p>\n","protected":false},"author":1,"featured_media":0,"parent":0,"menu_order":0,"comment_status":"closed","ping_status":"closed","template":"","meta":[],"yoast_head":"<!-- This site is optimized with the Yoast SEO plugin v19.11 - https:\/\/yoast.com\/wordpress\/plugins\/seo\/ -->\n<title>Livraison et Reprise gratuit Brindisi<\/title>\n<meta name=\"description\" content=\"Nous proposons un service de Livraison et Reprise dans toutes les Pouilles. Il est totalement gratuit pour la ville de Brindisi\" \/>\n<meta name=\"robots\" content=\"index, follow, max-snippet:-1, max-image-preview:large, max-video-preview:-1\" \/>\n<link rel=\"canonical\" href=\"https:\/\/leorentalcars.it\/fr\/livraison-et-reprise\/\" \/>\n<meta property=\"og:locale\" content=\"fr_FR\" \/>\n<meta property=\"og:type\" content=\"article\" \/>\n<meta property=\"og:title\" content=\"Livraison et Reprise gratuit Brindisi\" \/>\n<meta property=\"og:description\" content=\"Nous proposons un service de Livraison et Reprise dans toutes les Pouilles. Il est totalement gratuit pour la ville de Brindisi\" \/>\n<meta property=\"og:url\" content=\"https:\/\/leorentalcars.it\/fr\/livraison-et-reprise\/\" \/>\n<meta property=\"og:site_name\" content=\"Leorentalcars\" \/>\n<meta property=\"article:modified_time\" content=\"2024-03-21T11:26:40+00:00\" \/>\n<meta name=\"twitter:card\" content=\"summary_large_image\" \/>\n<meta name=\"twitter:label1\" content=\"Dur\u00e9e de lecture estim\u00e9e\" \/>\n\t<meta name=\"twitter:data1\" content=\"2 minutes\" \/>\n<script type=\"application\/ld+json\" class=\"yoast-schema-graph\">{\"@context\":\"https:\/\/schema.org\",\"@graph\":[{\"@type\":\"WebPage\",\"@id\":\"https:\/\/leorentalcars.it\/fr\/livraison-et-reprise\/\",\"url\":\"https:\/\/leorentalcars.it\/fr\/livraison-et-reprise\/\",\"name\":\"Livraison et Reprise gratuit Brindisi\",\"isPartOf\":{\"@id\":\"https:\/\/leorentalcars.it\/#website\"},\"datePublished\":\"2022-12-09T15:43:40+00:00\",\"dateModified\":\"2024-03-21T11:26:40+00:00\",\"description\":\"Nous proposons un service de Livraison et Reprise dans toutes les Pouilles. Il est totalement gratuit pour la ville de Brindisi\",\"breadcrumb\":{\"@id\":\"https:\/\/leorentalcars.it\/fr\/livraison-et-reprise\/#breadcrumb\"},\"inLanguage\":\"fr-FR\",\"potentialAction\":[{\"@type\":\"ReadAction\",\"target\":[\"https:\/\/leorentalcars.it\/fr\/livraison-et-reprise\/\"]}]},{\"@type\":\"BreadcrumbList\",\"@id\":\"https:\/\/leorentalcars.it\/fr\/livraison-et-reprise\/#breadcrumb\",\"itemListElement\":[{\"@type\":\"ListItem\",\"position\":1,\"name\":\"Home\",\"item\":\"https:\/\/leorentalcars.it\/fr\/\"},{\"@type\":\"ListItem\",\"position\":2,\"name\":\"Livraison et Reprise\"}]},{\"@type\":\"WebSite\",\"@id\":\"https:\/\/leorentalcars.it\/#website\",\"url\":\"https:\/\/leorentalcars.it\/\",\"name\":\"Leorentalcars\",\"description\":\"\",\"publisher\":{\"@id\":\"https:\/\/leorentalcars.it\/#organization\"},\"potentialAction\":[{\"@type\":\"SearchAction\",\"target\":{\"@type\":\"EntryPoint\",\"urlTemplate\":\"https:\/\/leorentalcars.it\/?s={search_term_string}\"},\"query-input\":\"required name=search_term_string\"}],\"inLanguage\":\"fr-FR\"},{\"@type\":\"Organization\",\"@id\":\"https:\/\/leorentalcars.it\/#organization\",\"name\":\"Leorentalcars\",\"url\":\"https:\/\/leorentalcars.it\/\",\"logo\":{\"@type\":\"ImageObject\",\"inLanguage\":\"fr-FR\",\"@id\":\"https:\/\/leorentalcars.it\/#\/schema\/logo\/image\/\",\"url\":\"https:\/\/leorentalcars.it\/wp-content\/uploads\/2023\/01\/logo-leorentalcars-blu.png\",\"contentUrl\":\"https:\/\/leorentalcars.it\/wp-content\/uploads\/2023\/01\/logo-leorentalcars-blu.png\",\"width\":826,\"height\":177,\"caption\":\"Leorentalcars\"},\"image\":{\"@id\":\"https:\/\/leorentalcars.it\/#\/schema\/logo\/image\/\"}}]}<\/script>\n<!-- \/ Yoast SEO plugin. -->","yoast_head_json":{"title":"Livraison et Reprise gratuit Brindisi","description":"Nous proposons un service de Livraison et Reprise dans toutes les Pouilles. Il est totalement gratuit pour la ville de Brindisi","robots":{"index":"index","follow":"follow","max-snippet":"max-snippet:-1","max-image-preview":"max-image-preview:large","max-video-preview":"max-video-preview:-1"},"canonical":"https:\/\/leorentalcars.it\/fr\/livraison-et-reprise\/","og_locale":"fr_FR","og_type":"article","og_title":"Livraison et Reprise gratuit Brindisi","og_description":"Nous proposons un service de Livraison et Reprise dans toutes les Pouilles. Il est totalement gratuit pour la ville de Brindisi","og_url":"https:\/\/leorentalcars.it\/fr\/livraison-et-reprise\/","og_site_name":"Leorentalcars","article_modified_time":"2024-03-21T11:26:40+00:00","twitter_card":"summary_large_image","twitter_misc":{"Dur\u00e9e de lecture estim\u00e9e":"2 minutes"},"schema":{"@context":"https:\/\/schema.org","@graph":[{"@type":"WebPage","@id":"https:\/\/leorentalcars.it\/fr\/livraison-et-reprise\/","url":"https:\/\/leorentalcars.it\/fr\/livraison-et-reprise\/","name":"Livraison et Reprise gratuit Brindisi","isPartOf":{"@id":"https:\/\/leorentalcars.it\/#website"},"datePublished":"2022-12-09T15:43:40+00:00","dateModified":"2024-03-21T11:26:40+00:00","description":"Nous proposons un service de Livraison et Reprise dans toutes les Pouilles. Il est totalement gratuit pour la ville de Brindisi","breadcrumb":{"@id":"https:\/\/leorentalcars.it\/fr\/livraison-et-reprise\/#breadcrumb"},"inLanguage":"fr-FR","potentialAction":[{"@type":"ReadAction","target":["https:\/\/leorentalcars.it\/fr\/livraison-et-reprise\/"]}]},{"@type":"BreadcrumbList","@id":"https:\/\/leorentalcars.it\/fr\/livraison-et-reprise\/#breadcrumb","itemListElement":[{"@type":"ListItem","position":1,"name":"Home","item":"https:\/\/leorentalcars.it\/fr\/"},{"@type":"ListItem","position":2,"name":"Livraison et Reprise"}]},{"@type":"WebSite","@id":"https:\/\/leorentalcars.it\/#website","url":"https:\/\/leorentalcars.it\/","name":"Leorentalcars","description":"","publisher":{"@id":"https:\/\/leorentalcars.it\/#organization"},"potentialAction":[{"@type":"SearchAction","target":{"@type":"EntryPoint","urlTemplate":"https:\/\/leorentalcars.it\/?s={search_term_string}"},"query-input":"required name=search_term_string"}],"inLanguage":"fr-FR"},{"@type":"Organization","@id":"https:\/\/leorentalcars.it\/#organization","name":"Leorentalcars","url":"https:\/\/leorentalcars.it\/","logo":{"@type":"ImageObject","inLanguage":"fr-FR","@id":"https:\/\/leorentalcars.it\/#\/schema\/logo\/image\/","url":"https:\/\/leorentalcars.it\/wp-content\/uploads\/2023\/01\/logo-leorentalcars-blu.png","contentUrl":"https:\/\/leorentalcars.it\/wp-content\/uploads\/2023\/01\/logo-leorentalcars-blu.png","width":826,"height":177,"caption":"Leorentalcars"},"image":{"@id":"https:\/\/leorentalcars.it\/#\/schema\/logo\/image\/"}}]}},"_links":{"self":[{"href":"https:\/\/leorentalcars.it\/fr\/wp-json\/wp\/v2\/pages\/3537"}],"collection":[{"href":"https:\/\/leorentalcars.it\/fr\/wp-json\/wp\/v2\/pages"}],"about":[{"href":"https:\/\/leorentalcars.it\/fr\/wp-json\/wp\/v2\/types\/page"}],"author":[{"embeddable":true,"href":"https:\/\/leorentalcars.it\/fr\/wp-json\/wp\/v2\/users\/1"}],"replies":[{"embeddable":true,"href":"https:\/\/leorentalcars.it\/fr\/wp-json\/wp\/v2\/comments?post=3537"}],"version-history":[{"count":6,"href":"https:\/\/leorentalcars.it\/fr\/wp-json\/wp\/v2\/pages\/3537\/revisions"}],"predecessor-version":[{"id":4021,"href":"https:\/\/leorentalcars.it\/fr\/wp-json\/wp\/v2\/pages\/3537\/revisions\/4021"}],"wp:attachment":[{"href":"https:\/\/leorentalcars.it\/fr\/wp-json\/wp\/v2\/media?parent=3537"}],"curies":[{"name":"wp","href":"https:\/\/api.w.org\/{rel}","templated":true}]}}