{"id":3533,"date":"2022-12-09T16:38:20","date_gmt":"2022-12-09T15:38:20","guid":{"rendered":"https:\/\/leorentalcars.it\/autonoleggio-premium\/"},"modified":"2025-10-03T16:21:59","modified_gmt":"2025-10-03T14:21:59","slug":"location-de-voiture-premium","status":"publish","type":"page","link":"https:\/\/leorentalcars.it\/fr\/location-de-voiture-premium\/","title":{"rendered":"Location de voiture premium"},"content":{"rendered":"<p>[vc_row css=&#8221;.vc_custom_1453450201221{margin-bottom: 15px !important;}&#8221;][vc_column][vc_single_image image=&#8221;4869&#8243; img_size=&#8221;full&#8221;][\/vc_column][\/vc_row][vc_row][vc_column][vc_custom_heading text=&#8221;LOCATION DE VOITURE PREMIUM&#8221; use_theme_fonts=&#8221;yes&#8221; el_class=&#8221;title&#8221;][vc_column_text]La location de voiture premium \u00e0 Brindisi est la formule sp\u00e9ciale mise au point par Leorentalcars pour vous offrir un service \u201cZ\u00e9ro Souci\u201d, il est en effet fondamental lorsqu\u2019on planifie un voyage de se sentir en s\u00e9curit\u00e9, qu\u2019il s\u2019agisse d\u2019un road-trip, de vacances romantiques, d\u2019emmener ses enfants au bord de la mer ou de visiter les splendides Pouilles.<\/p>\n<p>D\u00e9couvrez d\u00e8s maintenant les tarifs avantageux de <a href=\"https:\/\/leorentalcars.it\/fr\/\">location de voitures a\u00e9roport Brindisi: Leorentalcars<\/a>[\/vc_column_text][\/vc_column][\/vc_row][vc_row][vc_column width=&#8221;7\/12&#8243;][vc_custom_heading text=&#8221;D\u00c9TAILS&#8221; use_theme_fonts=&#8221;yes&#8221; el_class=&#8221;title&#8221;]<ul class='list list-circle-arrow'><li>kms illimit\u00e9s<\/li><li>assistance routi\u00e8re <\/li><li>franchise sinistre \u20ac 500<\/li><li>franchise vol \u20ac 500<\/li><li>franchise accident en cas de tort \u20ac 300<\/li><li>service navette \u00e0 partir de\/en direction de l\u2019a\u00e9roport de Brindisi gratuit<\/li><li>service Livraison et Reprise dans toutes les Pouilles (payant)<\/li><\/ul>[\/vc_column][vc_column width=&#8221;5\/12&#8243;][vc_custom_heading text=&#8221;POURQUOI NOUS CHOISIR&#8221; use_theme_fonts=&#8221;yes&#8221; el_class=&#8221;title&#8221;][vc_column_text]Les locations de voitures premium \u00e0 Brindisi mises au point par Leorentalcars sont vraiment s\u00e9curis\u00e9es et abordables, elles garantissent une location sans soucis ni surprises, totalement transparente.<\/p>\n<p>Vous pouvez donc louer une voiture en toute tranquillit\u00e9, et ce avec : assistance routi\u00e8re et voiture de substitution durant tout la dur\u00e9e de la location, deuxi\u00e8me conducteur inclus, franchise sinistre maximum \u20ac500, vol max \u20ac500, accident en cas de tort \u20ac300.<\/p>\n<p>Avec Leorentalcars, vous savez exactement combien co\u00fbte votre location, avec un check-in et une restitution faciles et efficaces \u00e0 tous les coups.[\/vc_column_text][\/vc_column][\/vc_row]<\/p>\n","protected":false},"excerpt":{"rendered":"<p>[vc_row css=&#8221;.vc_custom_1453450201221{margin-bottom: 15px !important;}&#8221;][vc_column][vc_single_image image=&#8221;4869&#8243; img_size=&#8221;full&#8221;][\/vc_column][\/vc_row][vc_row][vc_column][vc_custom_heading text=&#8221;LOCATION DE VOITURE PREMIUM&#8221; use_theme_fonts=&#8221;yes&#8221; el_class=&#8221;title&#8221;][vc_column_text]La location de voiture premium \u00e0 Brindisi est la formule sp\u00e9ciale mise au point par Leorentalcars pour vous offrir un service \u201cZ\u00e9ro Souci\u201d, il est en effet fondamental lorsqu\u2019on &hellip;<\/p>\n","protected":false},"author":1,"featured_media":0,"parent":0,"menu_order":0,"comment_status":"closed","ping_status":"closed","template":"","meta":[],"yoast_head":"<!-- This site is optimized with the Yoast SEO plugin v19.11 - https:\/\/yoast.com\/wordpress\/plugins\/seo\/ -->\n<title>Location de voiture Brindisi premium<\/title>\n<meta name=\"description\" content=\"Les locations de voitures premium \u00e0 Brindisi mises au point par Leorentalcars sont vraiment s\u00e9curis\u00e9es et abordables\" \/>\n<meta name=\"robots\" content=\"index, follow, max-snippet:-1, max-image-preview:large, max-video-preview:-1\" \/>\n<link rel=\"canonical\" href=\"https:\/\/leorentalcars.it\/fr\/location-de-voiture-premium\/\" \/>\n<meta property=\"og:locale\" content=\"fr_FR\" \/>\n<meta property=\"og:type\" content=\"article\" \/>\n<meta property=\"og:title\" content=\"Location de voiture Brindisi premium\" \/>\n<meta property=\"og:description\" content=\"Les locations de voitures premium \u00e0 Brindisi mises au point par Leorentalcars sont vraiment s\u00e9curis\u00e9es et abordables\" \/>\n<meta property=\"og:url\" content=\"https:\/\/leorentalcars.it\/fr\/location-de-voiture-premium\/\" \/>\n<meta property=\"og:site_name\" content=\"Leorentalcars\" \/>\n<meta property=\"article:modified_time\" content=\"2025-10-03T14:21:59+00:00\" \/>\n<meta name=\"twitter:card\" content=\"summary_large_image\" \/>\n<meta name=\"twitter:label1\" content=\"Dur\u00e9e de lecture estim\u00e9e\" \/>\n\t<meta name=\"twitter:data1\" content=\"2 minutes\" \/>\n<script type=\"application\/ld+json\" class=\"yoast-schema-graph\">{\"@context\":\"https:\/\/schema.org\",\"@graph\":[{\"@type\":\"WebPage\",\"@id\":\"https:\/\/leorentalcars.it\/fr\/location-de-voiture-premium\/\",\"url\":\"https:\/\/leorentalcars.it\/fr\/location-de-voiture-premium\/\",\"name\":\"Location de voiture Brindisi premium\",\"isPartOf\":{\"@id\":\"https:\/\/leorentalcars.it\/#website\"},\"datePublished\":\"2022-12-09T15:38:20+00:00\",\"dateModified\":\"2025-10-03T14:21:59+00:00\",\"description\":\"Les locations de voitures premium \u00e0 Brindisi mises au point par Leorentalcars sont vraiment s\u00e9curis\u00e9es et abordables\",\"breadcrumb\":{\"@id\":\"https:\/\/leorentalcars.it\/fr\/location-de-voiture-premium\/#breadcrumb\"},\"inLanguage\":\"fr-FR\",\"potentialAction\":[{\"@type\":\"ReadAction\",\"target\":[\"https:\/\/leorentalcars.it\/fr\/location-de-voiture-premium\/\"]}]},{\"@type\":\"BreadcrumbList\",\"@id\":\"https:\/\/leorentalcars.it\/fr\/location-de-voiture-premium\/#breadcrumb\",\"itemListElement\":[{\"@type\":\"ListItem\",\"position\":1,\"name\":\"Home\",\"item\":\"https:\/\/leorentalcars.it\/fr\/\"},{\"@type\":\"ListItem\",\"position\":2,\"name\":\"Location de voiture premium\"}]},{\"@type\":\"WebSite\",\"@id\":\"https:\/\/leorentalcars.it\/#website\",\"url\":\"https:\/\/leorentalcars.it\/\",\"name\":\"Leorentalcars\",\"description\":\"\",\"publisher\":{\"@id\":\"https:\/\/leorentalcars.it\/#organization\"},\"potentialAction\":[{\"@type\":\"SearchAction\",\"target\":{\"@type\":\"EntryPoint\",\"urlTemplate\":\"https:\/\/leorentalcars.it\/?s={search_term_string}\"},\"query-input\":\"required name=search_term_string\"}],\"inLanguage\":\"fr-FR\"},{\"@type\":\"Organization\",\"@id\":\"https:\/\/leorentalcars.it\/#organization\",\"name\":\"Leorentalcars\",\"url\":\"https:\/\/leorentalcars.it\/\",\"logo\":{\"@type\":\"ImageObject\",\"inLanguage\":\"fr-FR\",\"@id\":\"https:\/\/leorentalcars.it\/#\/schema\/logo\/image\/\",\"url\":\"https:\/\/leorentalcars.it\/wp-content\/uploads\/2023\/01\/logo-leorentalcars-blu.png\",\"contentUrl\":\"https:\/\/leorentalcars.it\/wp-content\/uploads\/2023\/01\/logo-leorentalcars-blu.png\",\"width\":826,\"height\":177,\"caption\":\"Leorentalcars\"},\"image\":{\"@id\":\"https:\/\/leorentalcars.it\/#\/schema\/logo\/image\/\"}}]}<\/script>\n<!-- \/ Yoast SEO plugin. -->","yoast_head_json":{"title":"Location de voiture Brindisi premium","description":"Les locations de voitures premium \u00e0 Brindisi mises au point par Leorentalcars sont vraiment s\u00e9curis\u00e9es et abordables","robots":{"index":"index","follow":"follow","max-snippet":"max-snippet:-1","max-image-preview":"max-image-preview:large","max-video-preview":"max-video-preview:-1"},"canonical":"https:\/\/leorentalcars.it\/fr\/location-de-voiture-premium\/","og_locale":"fr_FR","og_type":"article","og_title":"Location de voiture Brindisi premium","og_description":"Les locations de voitures premium \u00e0 Brindisi mises au point par Leorentalcars sont vraiment s\u00e9curis\u00e9es et abordables","og_url":"https:\/\/leorentalcars.it\/fr\/location-de-voiture-premium\/","og_site_name":"Leorentalcars","article_modified_time":"2025-10-03T14:21:59+00:00","twitter_card":"summary_large_image","twitter_misc":{"Dur\u00e9e de lecture estim\u00e9e":"2 minutes"},"schema":{"@context":"https:\/\/schema.org","@graph":[{"@type":"WebPage","@id":"https:\/\/leorentalcars.it\/fr\/location-de-voiture-premium\/","url":"https:\/\/leorentalcars.it\/fr\/location-de-voiture-premium\/","name":"Location de voiture Brindisi premium","isPartOf":{"@id":"https:\/\/leorentalcars.it\/#website"},"datePublished":"2022-12-09T15:38:20+00:00","dateModified":"2025-10-03T14:21:59+00:00","description":"Les locations de voitures premium \u00e0 Brindisi mises au point par Leorentalcars sont vraiment s\u00e9curis\u00e9es et abordables","breadcrumb":{"@id":"https:\/\/leorentalcars.it\/fr\/location-de-voiture-premium\/#breadcrumb"},"inLanguage":"fr-FR","potentialAction":[{"@type":"ReadAction","target":["https:\/\/leorentalcars.it\/fr\/location-de-voiture-premium\/"]}]},{"@type":"BreadcrumbList","@id":"https:\/\/leorentalcars.it\/fr\/location-de-voiture-premium\/#breadcrumb","itemListElement":[{"@type":"ListItem","position":1,"name":"Home","item":"https:\/\/leorentalcars.it\/fr\/"},{"@type":"ListItem","position":2,"name":"Location de voiture premium"}]},{"@type":"WebSite","@id":"https:\/\/leorentalcars.it\/#website","url":"https:\/\/leorentalcars.it\/","name":"Leorentalcars","description":"","publisher":{"@id":"https:\/\/leorentalcars.it\/#organization"},"potentialAction":[{"@type":"SearchAction","target":{"@type":"EntryPoint","urlTemplate":"https:\/\/leorentalcars.it\/?s={search_term_string}"},"query-input":"required name=search_term_string"}],"inLanguage":"fr-FR"},{"@type":"Organization","@id":"https:\/\/leorentalcars.it\/#organization","name":"Leorentalcars","url":"https:\/\/leorentalcars.it\/","logo":{"@type":"ImageObject","inLanguage":"fr-FR","@id":"https:\/\/leorentalcars.it\/#\/schema\/logo\/image\/","url":"https:\/\/leorentalcars.it\/wp-content\/uploads\/2023\/01\/logo-leorentalcars-blu.png","contentUrl":"https:\/\/leorentalcars.it\/wp-content\/uploads\/2023\/01\/logo-leorentalcars-blu.png","width":826,"height":177,"caption":"Leorentalcars"},"image":{"@id":"https:\/\/leorentalcars.it\/#\/schema\/logo\/image\/"}}]}},"_links":{"self":[{"href":"https:\/\/leorentalcars.it\/fr\/wp-json\/wp\/v2\/pages\/3533"}],"collection":[{"href":"https:\/\/leorentalcars.it\/fr\/wp-json\/wp\/v2\/pages"}],"about":[{"href":"https:\/\/leorentalcars.it\/fr\/wp-json\/wp\/v2\/types\/page"}],"author":[{"embeddable":true,"href":"https:\/\/leorentalcars.it\/fr\/wp-json\/wp\/v2\/users\/1"}],"replies":[{"embeddable":true,"href":"https:\/\/leorentalcars.it\/fr\/wp-json\/wp\/v2\/comments?post=3533"}],"version-history":[{"count":9,"href":"https:\/\/leorentalcars.it\/fr\/wp-json\/wp\/v2\/pages\/3533\/revisions"}],"predecessor-version":[{"id":4908,"href":"https:\/\/leorentalcars.it\/fr\/wp-json\/wp\/v2\/pages\/3533\/revisions\/4908"}],"wp:attachment":[{"href":"https:\/\/leorentalcars.it\/fr\/wp-json\/wp\/v2\/media?parent=3533"}],"curies":[{"name":"wp","href":"https:\/\/api.w.org\/{rel}","templated":true}]}}