{"id":3531,"date":"2016-01-20T08:20:38","date_gmt":"2016-01-20T07:20:38","guid":{"rendered":"https:\/\/leorentalcars.it\/autonoleggio-economico-brindisi\/"},"modified":"2025-10-03T16:17:31","modified_gmt":"2025-10-03T14:17:31","slug":"location-de-voiture-economique","status":"publish","type":"page","link":"https:\/\/leorentalcars.it\/fr\/location-de-voiture-economique\/","title":{"rendered":"Location de voiture \u00e9conomique"},"content":{"rendered":"<p>[vc_row css=&#8221;.vc_custom_1453450201221{margin-bottom: 15px !important;}&#8221;][vc_column][vc_single_image image=&#8221;4873&#8243; img_size=&#8221;full&#8221;][\/vc_column][\/vc_row][vc_row][vc_column][vc_custom_heading text=&#8221;LOCATION DE VOITURE ECONOMIQUE&#8221; use_theme_fonts=&#8221;yes&#8221; el_class=&#8221;title&#8221;][vc_column_text]La location de voiture \u00e9conomique \u00e0 Brindisi est la formule sp\u00e9ciale mise au point par Leorentalcars pour vous proposer un prix super-concurrentiel, il est en effet fondamental lorsqu\u2019on planifie un voyage d\u2019\u00e9conomiser, qu\u2019il s\u2019agisse d\u2019un road-trip, de vacances romantiques, d\u2019emmener ses enfants au bord de la mer ou de visiter les splendides Pouilles.<\/p>\n<p>D\u00e9couvrez d\u00e8s maintenant les tarifs avantageux de <a href=\"https:\/\/leorentalcars.it\/fr\/\">location de voitures a\u00e9roport Brindisi: Leorentalcars<\/a>[\/vc_column_text][\/vc_column][\/vc_row][vc_row][vc_column width=&#8221;7\/12&#8243;][vc_custom_heading text=&#8221;D\u00c9TAILS&#8221; use_theme_fonts=&#8221;yes&#8221; el_class=&#8221;title&#8221;]<ul class='list list-circle-arrow'><li>kms illimit\u00e9s<\/li><li>assistance routi\u00e8re<\/li><li>franchise sinistre \u20ac 1500<\/li><li>franchise vol \u20ac 3500<\/li><li>franchise accident en cas de tort \u20ac 300<\/li><li>service navette \u00e0 partir de\/en direction de l\u2019a\u00e9roport de Brindisi gratuit<\/li><li>service Livraison et Reprise dans toutes les Pouilles (payant)<\/li><\/ul>[\/vc_column][vc_column width=&#8221;5\/12&#8243;][vc_custom_heading text=&#8221;POURQUOI NOUS CHOISIR&#8221; use_theme_fonts=&#8221;yes&#8221; el_class=&#8221;title&#8221;][vc_column_text]Les locations de voitures \u00e9conomiques mises au point par Leorentalcars sont vraiment abordables, sans surprises, pi\u00e8ges ni frais cach\u00e9s, disons-le : totalement transparents.<\/p>\n<p>Cela signifie que vous pouvez tranquillement vous rendre d\u2019un point A \u00e0 un point B sans devoir penser \u00e0 quels suppl\u00e9ments pourraient \u00eatre ajout\u00e9s \u00e0 votre total ni r\u00e9fl\u00e9chir \u00e0 ce qui est compris ou pas dans votre forfait de location de voiture \u00e9conomique.<\/p>\n<p>Avec Leorentalcars, vous savez exactement combien co\u00fbte votre location, avec un check-in et une restitution faciles et efficaces \u00e0 tous les coups.[\/vc_column_text][\/vc_column][\/vc_row]<\/p>\n","protected":false},"excerpt":{"rendered":"<p>[vc_row css=&#8221;.vc_custom_1453450201221{margin-bottom: 15px !important;}&#8221;][vc_column][vc_single_image image=&#8221;4873&#8243; img_size=&#8221;full&#8221;][\/vc_column][\/vc_row][vc_row][vc_column][vc_custom_heading text=&#8221;LOCATION DE VOITURE ECONOMIQUE&#8221; use_theme_fonts=&#8221;yes&#8221; el_class=&#8221;title&#8221;][vc_column_text]La location de voiture \u00e9conomique \u00e0 Brindisi est la formule sp\u00e9ciale mise au point par Leorentalcars pour vous proposer un prix super-concurrentiel, il est en effet fondamental lorsqu\u2019on planifie &hellip;<\/p>\n","protected":false},"author":1,"featured_media":0,"parent":0,"menu_order":0,"comment_status":"closed","ping_status":"closed","template":"","meta":[],"yoast_head":"<!-- This site is optimized with the Yoast SEO plugin v19.11 - https:\/\/yoast.com\/wordpress\/plugins\/seo\/ -->\n<title>Location de voiture \u00e9conomique Brindisi<\/title>\n<meta name=\"description\" content=\"Les locations de voitures \u00e9conomiques mises au point par Leorentalcars sont vraiment abordables, sans surprises, pi\u00e8ges ni frais cach\u00e9s\" \/>\n<meta name=\"robots\" content=\"index, follow, max-snippet:-1, max-image-preview:large, max-video-preview:-1\" \/>\n<link rel=\"canonical\" href=\"https:\/\/leorentalcars.it\/fr\/location-de-voiture-economique\/\" \/>\n<meta property=\"og:locale\" content=\"fr_FR\" \/>\n<meta property=\"og:type\" content=\"article\" \/>\n<meta property=\"og:title\" content=\"Location de voiture \u00e9conomique Brindisi\" \/>\n<meta property=\"og:description\" content=\"Les locations de voitures \u00e9conomiques mises au point par Leorentalcars sont vraiment abordables, sans surprises, pi\u00e8ges ni frais cach\u00e9s\" \/>\n<meta property=\"og:url\" content=\"https:\/\/leorentalcars.it\/fr\/location-de-voiture-economique\/\" \/>\n<meta property=\"og:site_name\" content=\"Leorentalcars\" \/>\n<meta property=\"article:modified_time\" content=\"2025-10-03T14:17:31+00:00\" \/>\n<meta name=\"twitter:card\" content=\"summary_large_image\" \/>\n<meta name=\"twitter:label1\" content=\"Dur\u00e9e de lecture estim\u00e9e\" \/>\n\t<meta name=\"twitter:data1\" content=\"2 minutes\" \/>\n<script type=\"application\/ld+json\" class=\"yoast-schema-graph\">{\"@context\":\"https:\/\/schema.org\",\"@graph\":[{\"@type\":\"WebPage\",\"@id\":\"https:\/\/leorentalcars.it\/fr\/location-de-voiture-economique\/\",\"url\":\"https:\/\/leorentalcars.it\/fr\/location-de-voiture-economique\/\",\"name\":\"Location de voiture \u00e9conomique Brindisi\",\"isPartOf\":{\"@id\":\"https:\/\/leorentalcars.it\/#website\"},\"datePublished\":\"2016-01-20T07:20:38+00:00\",\"dateModified\":\"2025-10-03T14:17:31+00:00\",\"description\":\"Les locations de voitures \u00e9conomiques mises au point par Leorentalcars sont vraiment abordables, sans surprises, pi\u00e8ges ni frais cach\u00e9s\",\"breadcrumb\":{\"@id\":\"https:\/\/leorentalcars.it\/fr\/location-de-voiture-economique\/#breadcrumb\"},\"inLanguage\":\"fr-FR\",\"potentialAction\":[{\"@type\":\"ReadAction\",\"target\":[\"https:\/\/leorentalcars.it\/fr\/location-de-voiture-economique\/\"]}]},{\"@type\":\"BreadcrumbList\",\"@id\":\"https:\/\/leorentalcars.it\/fr\/location-de-voiture-economique\/#breadcrumb\",\"itemListElement\":[{\"@type\":\"ListItem\",\"position\":1,\"name\":\"Home\",\"item\":\"https:\/\/leorentalcars.it\/fr\/\"},{\"@type\":\"ListItem\",\"position\":2,\"name\":\"Location de voiture \u00e9conomique\"}]},{\"@type\":\"WebSite\",\"@id\":\"https:\/\/leorentalcars.it\/#website\",\"url\":\"https:\/\/leorentalcars.it\/\",\"name\":\"Leorentalcars\",\"description\":\"\",\"publisher\":{\"@id\":\"https:\/\/leorentalcars.it\/#organization\"},\"potentialAction\":[{\"@type\":\"SearchAction\",\"target\":{\"@type\":\"EntryPoint\",\"urlTemplate\":\"https:\/\/leorentalcars.it\/?s={search_term_string}\"},\"query-input\":\"required name=search_term_string\"}],\"inLanguage\":\"fr-FR\"},{\"@type\":\"Organization\",\"@id\":\"https:\/\/leorentalcars.it\/#organization\",\"name\":\"Leorentalcars\",\"url\":\"https:\/\/leorentalcars.it\/\",\"logo\":{\"@type\":\"ImageObject\",\"inLanguage\":\"fr-FR\",\"@id\":\"https:\/\/leorentalcars.it\/#\/schema\/logo\/image\/\",\"url\":\"https:\/\/leorentalcars.it\/wp-content\/uploads\/2023\/01\/logo-leorentalcars-blu.png\",\"contentUrl\":\"https:\/\/leorentalcars.it\/wp-content\/uploads\/2023\/01\/logo-leorentalcars-blu.png\",\"width\":826,\"height\":177,\"caption\":\"Leorentalcars\"},\"image\":{\"@id\":\"https:\/\/leorentalcars.it\/#\/schema\/logo\/image\/\"}}]}<\/script>\n<!-- \/ Yoast SEO plugin. -->","yoast_head_json":{"title":"Location de voiture \u00e9conomique Brindisi","description":"Les locations de voitures \u00e9conomiques mises au point par Leorentalcars sont vraiment abordables, sans surprises, pi\u00e8ges ni frais cach\u00e9s","robots":{"index":"index","follow":"follow","max-snippet":"max-snippet:-1","max-image-preview":"max-image-preview:large","max-video-preview":"max-video-preview:-1"},"canonical":"https:\/\/leorentalcars.it\/fr\/location-de-voiture-economique\/","og_locale":"fr_FR","og_type":"article","og_title":"Location de voiture \u00e9conomique Brindisi","og_description":"Les locations de voitures \u00e9conomiques mises au point par Leorentalcars sont vraiment abordables, sans surprises, pi\u00e8ges ni frais cach\u00e9s","og_url":"https:\/\/leorentalcars.it\/fr\/location-de-voiture-economique\/","og_site_name":"Leorentalcars","article_modified_time":"2025-10-03T14:17:31+00:00","twitter_card":"summary_large_image","twitter_misc":{"Dur\u00e9e de lecture estim\u00e9e":"2 minutes"},"schema":{"@context":"https:\/\/schema.org","@graph":[{"@type":"WebPage","@id":"https:\/\/leorentalcars.it\/fr\/location-de-voiture-economique\/","url":"https:\/\/leorentalcars.it\/fr\/location-de-voiture-economique\/","name":"Location de voiture \u00e9conomique Brindisi","isPartOf":{"@id":"https:\/\/leorentalcars.it\/#website"},"datePublished":"2016-01-20T07:20:38+00:00","dateModified":"2025-10-03T14:17:31+00:00","description":"Les locations de voitures \u00e9conomiques mises au point par Leorentalcars sont vraiment abordables, sans surprises, pi\u00e8ges ni frais cach\u00e9s","breadcrumb":{"@id":"https:\/\/leorentalcars.it\/fr\/location-de-voiture-economique\/#breadcrumb"},"inLanguage":"fr-FR","potentialAction":[{"@type":"ReadAction","target":["https:\/\/leorentalcars.it\/fr\/location-de-voiture-economique\/"]}]},{"@type":"BreadcrumbList","@id":"https:\/\/leorentalcars.it\/fr\/location-de-voiture-economique\/#breadcrumb","itemListElement":[{"@type":"ListItem","position":1,"name":"Home","item":"https:\/\/leorentalcars.it\/fr\/"},{"@type":"ListItem","position":2,"name":"Location de voiture \u00e9conomique"}]},{"@type":"WebSite","@id":"https:\/\/leorentalcars.it\/#website","url":"https:\/\/leorentalcars.it\/","name":"Leorentalcars","description":"","publisher":{"@id":"https:\/\/leorentalcars.it\/#organization"},"potentialAction":[{"@type":"SearchAction","target":{"@type":"EntryPoint","urlTemplate":"https:\/\/leorentalcars.it\/?s={search_term_string}"},"query-input":"required name=search_term_string"}],"inLanguage":"fr-FR"},{"@type":"Organization","@id":"https:\/\/leorentalcars.it\/#organization","name":"Leorentalcars","url":"https:\/\/leorentalcars.it\/","logo":{"@type":"ImageObject","inLanguage":"fr-FR","@id":"https:\/\/leorentalcars.it\/#\/schema\/logo\/image\/","url":"https:\/\/leorentalcars.it\/wp-content\/uploads\/2023\/01\/logo-leorentalcars-blu.png","contentUrl":"https:\/\/leorentalcars.it\/wp-content\/uploads\/2023\/01\/logo-leorentalcars-blu.png","width":826,"height":177,"caption":"Leorentalcars"},"image":{"@id":"https:\/\/leorentalcars.it\/#\/schema\/logo\/image\/"}}]}},"_links":{"self":[{"href":"https:\/\/leorentalcars.it\/fr\/wp-json\/wp\/v2\/pages\/3531"}],"collection":[{"href":"https:\/\/leorentalcars.it\/fr\/wp-json\/wp\/v2\/pages"}],"about":[{"href":"https:\/\/leorentalcars.it\/fr\/wp-json\/wp\/v2\/types\/page"}],"author":[{"embeddable":true,"href":"https:\/\/leorentalcars.it\/fr\/wp-json\/wp\/v2\/users\/1"}],"replies":[{"embeddable":true,"href":"https:\/\/leorentalcars.it\/fr\/wp-json\/wp\/v2\/comments?post=3531"}],"version-history":[{"count":8,"href":"https:\/\/leorentalcars.it\/fr\/wp-json\/wp\/v2\/pages\/3531\/revisions"}],"predecessor-version":[{"id":4905,"href":"https:\/\/leorentalcars.it\/fr\/wp-json\/wp\/v2\/pages\/3531\/revisions\/4905"}],"wp:attachment":[{"href":"https:\/\/leorentalcars.it\/fr\/wp-json\/wp\/v2\/media?parent=3531"}],"curies":[{"name":"wp","href":"https:\/\/api.w.org\/{rel}","templated":true}]}}