{"id":3523,"date":"2016-01-19T14:03:09","date_gmt":"2016-01-19T13:03:09","guid":{"rendered":"https:\/\/leorentalcars.it\/chi-siamo\/"},"modified":"2025-12-29T11:41:06","modified_gmt":"2025-12-29T10:41:06","slug":"qui-nous-sommes","status":"publish","type":"page","link":"https:\/\/leorentalcars.it\/fr\/qui-nous-sommes\/","title":{"rendered":"Enterprise"},"content":{"rendered":"<p>[vc_row css=&#8221;.vc_custom_1460122496361{margin-bottom: 30px !important;}&#8221;][vc_column width=&#8221;1\/2&#8243;][vc_custom_heading text=&#8221;LEORENTALCARS depuis 2022&#8243; use_theme_fonts=&#8221;yes&#8221; el_class=&#8221;title&#8221;][vc_empty_space height=&#8221;20px&#8221;][vc_column_text]<em><span style=\"color: #000000;\">Leorentalcars, bas\u00e9 \u00e0 Brindisi, voit le jour en 2022 gr\u00e2ce au talent et au d\u00e9vouement d\u2019Alfonso Leo.<\/span><\/em><\/p>\n<p>Bien avant de devenir une entreprise sp\u00e9cialis\u00e9e en location de voitures \u00e0 court terme, Leorentalcars est un concept, fruit du travail et de l\u2019exp\u00e9rience d\u2019une \u00e9quipe qui a un objectif commun : se d\u00e9velopper tout en adoptant main dans la main la coh\u00e9rence n\u00e9cessaire pour atteindre le but qu\u2019elle se fixe jour apr\u00e8s jour.<\/p>\n<p>La caract\u00e9ristique principale de notre mod\u00e8le d\u2019entreprise est justement le mouvement, le dynamisme : toujours en phase avec l\u2019\u00e9volution du march\u00e9, nous sommes en mesure d\u2019offrir promptement les meilleures solutions de mobilit\u00e9, que ce soit dans le cadre de la location d\u2019une simple voiture ou d\u2019un v\u00e9hicule \u00e0 9 places.<\/p>\n<p>Qu\u2019il s\u2019agisse de clients italiens ou \u00e9trangers, nous parvenons \u00e0 garantir une assistance \u00e0 360\u00b0, \u00e0 tout moment et pour tout besoin, vous lib\u00e9rant ainsi de tout souci relatif au v\u00e9hicule, afin que vous puissiez vous concentrer uniquement sur votre plaisir de conduire jusqu\u2019\u00e0 la destination de votre choix.[\/vc_column_text][\/vc_column][vc_column width=&#8221;1\/2&#8243;][vc_single_image image=&#8221;4974&#8243; img_size=&#8221;full&#8221;][\/vc_column][\/vc_row][vc_row css=&#8221;.vc_custom_1460122436961{margin-bottom: 50px !important;}&#8221;][vc_column][vc_custom_heading text=&#8221;NOTRE HISTOIRE&#8221; use_theme_fonts=&#8221;yes&#8221; el_class=&#8221;title&#8221;][vc_empty_space height=&#8221;20px&#8221;]<div class=\"timeline\"><div class=\"timeline-item\"><div class=\"timeline-year\">2022<\/div><div class=\"timeline-content\"><h3 class=\"timeline-title\">D\u00e9but<\/h3><div class=\"timeline-text\">Nous sommes jeunes mais avons un bagage d\u2019une dizaine d\u2019ann\u00e9es d\u2019exp\u00e9rience, nous entrons dans le monde de la location avec un si\u00e8ge \u00e0 Brindisi, Via Maestri del lavoro sn, et obtenons d\u2019excellents retours de nos clients italiens et \u00e9trangers.<\/div><\/div><\/div><div class=\"timeline-item\"><div class=\"timeline-year\">2025<\/div><div class=\"timeline-content\"><h3 class=\"timeline-title\">Croissance<\/h3><div class=\"timeline-text\">Nous sommes d\u00e9j\u00e0 tourn\u00e9s vers l\u2019avenir ! Nous int\u00e9grons de plus en plus de v\u00e9hicules \u00e0 notre flotte d\u2019entreprise. De plus, nous ajoutons \u00e0 notre si\u00e8ge historique un tout nouveau situ\u00e9 aupr\u00e8s du Terminal de Costa Morena \u00e0 Brindisi.<\/div><\/div><\/div><\/div>[\/vc_column][\/vc_row][vc_row css=&#8221;.vc_custom_1453212299071{margin-bottom: 20px !important;}&#8221;][vc_column][vc_custom_heading text=&#8221;TEAM&#8221; use_theme_fonts=&#8221;yes&#8221; el_class=&#8221;title&#8221;][\/vc_column][\/vc_row][vc_row css=&#8221;.vc_custom_1453297105826{margin-bottom: 45px !important;}&#8221;][vc_column]<div class='team team-col-4'><div class='member'><div class='member-wrap'><div class='member-image'><a href='https:\/\/leorentalcars.it\/fr\/team\/alfonso-leo\/'><img width=\"370\" height=\"355\" src=\"https:\/\/leorentalcars.it\/wp-content\/uploads\/2016\/01\/Alfonso_370x370_web-370x355.jpg\" class=\"attachment-anps-team size-anps-team wp-post-image\" alt=\"\" decoding=\"async\" loading=\"lazy\" \/><\/a><\/div><a href='https:\/\/leorentalcars.it\/fr\/team\/alfonso-leo\/'><h3 class='member-name'>Alfonso Leo<\/h3><\/a><p class='member-desc'>CEO<\/p><\/div><\/div><div class='member'><div class='member-wrap'><div class='member-image'><a href='https:\/\/leorentalcars.it\/fr\/team\/michele-tanzarella\/'><img width=\"370\" height=\"355\" src=\"https:\/\/leorentalcars.it\/wp-content\/uploads\/2016\/01\/Michele_370x370_web-370x355.jpg\" class=\"attachment-anps-team size-anps-team wp-post-image\" alt=\"\" decoding=\"async\" loading=\"lazy\" \/><\/a><\/div><a href='https:\/\/leorentalcars.it\/fr\/team\/michele-tanzarella\/'><h3 class='member-name'>Michele Tanzarella<\/h3><\/a><p class='member-desc'> Coordinateur Op\u00e9rationnel<\/p><\/div><\/div><div class='member'><div class='member-wrap'><div class='member-image'><a href='https:\/\/leorentalcars.it\/fr\/team\/martina-rizzo\/'><img width=\"370\" height=\"355\" src=\"https:\/\/leorentalcars.it\/wp-content\/uploads\/2016\/01\/Martina_370x370_web-370x355.jpg\" class=\"attachment-anps-team size-anps-team wp-post-image\" alt=\"\" decoding=\"async\" loading=\"lazy\" \/><\/a><\/div><a href='https:\/\/leorentalcars.it\/fr\/team\/martina-rizzo\/'><h3 class='member-name'>Martina Rizzo<\/h3><\/a><p class='member-desc'>Administration<\/p><\/div><\/div><div class='member'><div class='member-wrap'><div class='member-image'><a href='https:\/\/leorentalcars.it\/fr\/team\/maura-moscatelli\/'><img width=\"370\" height=\"355\" src=\"https:\/\/leorentalcars.it\/wp-content\/uploads\/2016\/01\/Maura_370x370_web-370x355.jpg\" class=\"attachment-anps-team size-anps-team wp-post-image\" alt=\"\" decoding=\"async\" loading=\"lazy\" \/><\/a><\/div><a href='https:\/\/leorentalcars.it\/fr\/team\/maura-moscatelli\/'><h3 class='member-name'>Maura Moscatelli<\/h3><\/a><p class='member-desc'>Accueil et r\u00e9servations<\/p><\/div><\/div><div class='member'><div class='member-wrap'><div class='member-image'><a href='https:\/\/leorentalcars.it\/fr\/team\/valeria-tafuri\/'><img width=\"370\" height=\"355\" src=\"https:\/\/leorentalcars.it\/wp-content\/uploads\/2016\/01\/Valeria_370x370_web-370x355.jpg\" class=\"attachment-anps-team size-anps-team wp-post-image\" alt=\"\" decoding=\"async\" loading=\"lazy\" \/><\/a><\/div><a href='https:\/\/leorentalcars.it\/fr\/team\/valeria-tafuri\/'><h3 class='member-name'>Valeria Tafuri<\/h3><\/a><p class='member-desc'>Accueil et r\u00e9servations<\/p><\/div><\/div><div class='member'><div class='member-wrap'><div class='member-image'><a href='https:\/\/leorentalcars.it\/fr\/team\/syria-rillo\/'><img width=\"370\" height=\"355\" src=\"https:\/\/leorentalcars.it\/wp-content\/uploads\/2025\/12\/Syria_370x370_web-370x355.jpg\" class=\"attachment-anps-team size-anps-team wp-post-image\" alt=\"\" decoding=\"async\" loading=\"lazy\" \/><\/a><\/div><a href='https:\/\/leorentalcars.it\/fr\/team\/syria-rillo\/'><h3 class='member-name'>Syria Rillo<\/h3><\/a><p class='member-desc'>Accueil et r\u00e9servations<\/p><\/div><\/div><div class='member'><div class='member-wrap'><div class='member-image'><a href='https:\/\/leorentalcars.it\/fr\/team\/christian-forti\/'><img width=\"370\" height=\"355\" src=\"https:\/\/leorentalcars.it\/wp-content\/uploads\/2016\/01\/Cristian_370x370_web-370x355.jpg\" class=\"attachment-anps-team size-anps-team wp-post-image\" alt=\"\" decoding=\"async\" loading=\"lazy\" \/><\/a><\/div><a href='https:\/\/leorentalcars.it\/fr\/team\/christian-forti\/'><h3 class='member-name'>Christian Forti<\/h3><\/a><p class='member-desc'>Gestion parc automobile<\/p><\/div><\/div><div class='member'><div class='member-wrap'><div class='member-image'><a href='https:\/\/leorentalcars.it\/fr\/team\/roberto-iunco\/'><img width=\"370\" height=\"355\" src=\"https:\/\/leorentalcars.it\/wp-content\/uploads\/2016\/01\/Roberto_370x370_web-370x355.jpg\" class=\"attachment-anps-team size-anps-team wp-post-image\" alt=\"\" decoding=\"async\" loading=\"lazy\" \/><\/a><\/div><a href='https:\/\/leorentalcars.it\/fr\/team\/roberto-iunco\/'><h3 class='member-name'>Roberto Iunco<\/h3><\/a><p class='member-desc'>Gestion parc automobile<\/p><\/div><\/div><div class='member'><div class='member-wrap'><div class='member-image'><a href='https:\/\/leorentalcars.it\/fr\/team\/giovanni-ammaturo\/'><img width=\"370\" height=\"355\" src=\"https:\/\/leorentalcars.it\/wp-content\/uploads\/2016\/01\/Giovanni_370x370_web-370x355.jpg\" class=\"attachment-anps-team size-anps-team wp-post-image\" alt=\"\" decoding=\"async\" loading=\"lazy\" \/><\/a><\/div><a href='https:\/\/leorentalcars.it\/fr\/team\/giovanni-ammaturo\/'><h3 class='member-name'>Giovanni Ammaturo<\/h3><\/a><p class='member-desc'>Gestion parc automobile<\/p><\/div><\/div><\/div>[\/vc_column][\/vc_row]<\/p>\n","protected":false},"excerpt":{"rendered":"<p>[vc_row css=&#8221;.vc_custom_1460122496361{margin-bottom: 30px !important;}&#8221;][vc_column width=&#8221;1\/2&#8243;][vc_custom_heading text=&#8221;LEORENTALCARS depuis 2022&#8243; use_theme_fonts=&#8221;yes&#8221; el_class=&#8221;title&#8221;][vc_empty_space height=&#8221;20px&#8221;][vc_column_text]Leorentalcars, bas\u00e9 \u00e0 Brindisi, voit le jour en 2022 gr\u00e2ce au talent et au d\u00e9vouement d\u2019Alfonso Leo. Bien avant de devenir une entreprise sp\u00e9cialis\u00e9e en location de voitures \u00e0 court &hellip;<\/p>\n","protected":false},"author":1,"featured_media":0,"parent":0,"menu_order":0,"comment_status":"closed","ping_status":"closed","template":"","meta":[],"yoast_head":"<!-- This site is optimized with the Yoast SEO plugin v19.11 - https:\/\/yoast.com\/wordpress\/plugins\/seo\/ -->\n<title>Enterprise - Leorentalcars<\/title>\n<meta name=\"robots\" content=\"index, follow, max-snippet:-1, max-image-preview:large, max-video-preview:-1\" \/>\n<link rel=\"canonical\" href=\"https:\/\/leorentalcars.it\/fr\/qui-nous-sommes\/\" \/>\n<meta property=\"og:locale\" content=\"fr_FR\" \/>\n<meta property=\"og:type\" content=\"article\" \/>\n<meta property=\"og:title\" content=\"Enterprise - Leorentalcars\" \/>\n<meta property=\"og:description\" content=\"[vc_row css=&#8221;.vc_custom_1460122496361{margin-bottom: 30px !important;}&#8221;][vc_column width=&#8221;1\/2&#8243;][vc_custom_heading text=&#8221;LEORENTALCARS depuis 2022&#8243; use_theme_fonts=&#8221;yes&#8221; el_class=&#8221;title&#8221;][vc_empty_space height=&#8221;20px&#8221;][vc_column_text]Leorentalcars, bas\u00e9 \u00e0 Brindisi, voit le jour en 2022 gr\u00e2ce au talent et au d\u00e9vouement d\u2019Alfonso Leo. Bien avant de devenir une entreprise sp\u00e9cialis\u00e9e en location de voitures \u00e0 court &hellip;\" \/>\n<meta property=\"og:url\" content=\"https:\/\/leorentalcars.it\/fr\/qui-nous-sommes\/\" \/>\n<meta property=\"og:site_name\" content=\"Leorentalcars\" \/>\n<meta property=\"article:modified_time\" content=\"2025-12-29T10:41:06+00:00\" \/>\n<meta name=\"twitter:card\" content=\"summary_large_image\" \/>\n<meta name=\"twitter:label1\" content=\"Dur\u00e9e de lecture estim\u00e9e\" \/>\n\t<meta name=\"twitter:data1\" content=\"2 minutes\" \/>\n<script type=\"application\/ld+json\" class=\"yoast-schema-graph\">{\"@context\":\"https:\/\/schema.org\",\"@graph\":[{\"@type\":\"WebPage\",\"@id\":\"https:\/\/leorentalcars.it\/fr\/qui-nous-sommes\/\",\"url\":\"https:\/\/leorentalcars.it\/fr\/qui-nous-sommes\/\",\"name\":\"Enterprise - Leorentalcars\",\"isPartOf\":{\"@id\":\"https:\/\/leorentalcars.it\/#website\"},\"datePublished\":\"2016-01-19T13:03:09+00:00\",\"dateModified\":\"2025-12-29T10:41:06+00:00\",\"breadcrumb\":{\"@id\":\"https:\/\/leorentalcars.it\/fr\/qui-nous-sommes\/#breadcrumb\"},\"inLanguage\":\"fr-FR\",\"potentialAction\":[{\"@type\":\"ReadAction\",\"target\":[\"https:\/\/leorentalcars.it\/fr\/qui-nous-sommes\/\"]}]},{\"@type\":\"BreadcrumbList\",\"@id\":\"https:\/\/leorentalcars.it\/fr\/qui-nous-sommes\/#breadcrumb\",\"itemListElement\":[{\"@type\":\"ListItem\",\"position\":1,\"name\":\"Home\",\"item\":\"https:\/\/leorentalcars.it\/fr\/\"},{\"@type\":\"ListItem\",\"position\":2,\"name\":\"Enterprise\"}]},{\"@type\":\"WebSite\",\"@id\":\"https:\/\/leorentalcars.it\/#website\",\"url\":\"https:\/\/leorentalcars.it\/\",\"name\":\"Leorentalcars\",\"description\":\"\",\"publisher\":{\"@id\":\"https:\/\/leorentalcars.it\/#organization\"},\"potentialAction\":[{\"@type\":\"SearchAction\",\"target\":{\"@type\":\"EntryPoint\",\"urlTemplate\":\"https:\/\/leorentalcars.it\/?s={search_term_string}\"},\"query-input\":\"required name=search_term_string\"}],\"inLanguage\":\"fr-FR\"},{\"@type\":\"Organization\",\"@id\":\"https:\/\/leorentalcars.it\/#organization\",\"name\":\"Leorentalcars\",\"url\":\"https:\/\/leorentalcars.it\/\",\"logo\":{\"@type\":\"ImageObject\",\"inLanguage\":\"fr-FR\",\"@id\":\"https:\/\/leorentalcars.it\/#\/schema\/logo\/image\/\",\"url\":\"https:\/\/leorentalcars.it\/wp-content\/uploads\/2023\/01\/logo-leorentalcars-blu.png\",\"contentUrl\":\"https:\/\/leorentalcars.it\/wp-content\/uploads\/2023\/01\/logo-leorentalcars-blu.png\",\"width\":826,\"height\":177,\"caption\":\"Leorentalcars\"},\"image\":{\"@id\":\"https:\/\/leorentalcars.it\/#\/schema\/logo\/image\/\"}}]}<\/script>\n<!-- \/ Yoast SEO plugin. -->","yoast_head_json":{"title":"Enterprise - Leorentalcars","robots":{"index":"index","follow":"follow","max-snippet":"max-snippet:-1","max-image-preview":"max-image-preview:large","max-video-preview":"max-video-preview:-1"},"canonical":"https:\/\/leorentalcars.it\/fr\/qui-nous-sommes\/","og_locale":"fr_FR","og_type":"article","og_title":"Enterprise - Leorentalcars","og_description":"[vc_row css=&#8221;.vc_custom_1460122496361{margin-bottom: 30px !important;}&#8221;][vc_column width=&#8221;1\/2&#8243;][vc_custom_heading text=&#8221;LEORENTALCARS depuis 2022&#8243; use_theme_fonts=&#8221;yes&#8221; el_class=&#8221;title&#8221;][vc_empty_space height=&#8221;20px&#8221;][vc_column_text]Leorentalcars, bas\u00e9 \u00e0 Brindisi, voit le jour en 2022 gr\u00e2ce au talent et au d\u00e9vouement d\u2019Alfonso Leo. Bien avant de devenir une entreprise sp\u00e9cialis\u00e9e en location de voitures \u00e0 court &hellip;","og_url":"https:\/\/leorentalcars.it\/fr\/qui-nous-sommes\/","og_site_name":"Leorentalcars","article_modified_time":"2025-12-29T10:41:06+00:00","twitter_card":"summary_large_image","twitter_misc":{"Dur\u00e9e de lecture estim\u00e9e":"2 minutes"},"schema":{"@context":"https:\/\/schema.org","@graph":[{"@type":"WebPage","@id":"https:\/\/leorentalcars.it\/fr\/qui-nous-sommes\/","url":"https:\/\/leorentalcars.it\/fr\/qui-nous-sommes\/","name":"Enterprise - Leorentalcars","isPartOf":{"@id":"https:\/\/leorentalcars.it\/#website"},"datePublished":"2016-01-19T13:03:09+00:00","dateModified":"2025-12-29T10:41:06+00:00","breadcrumb":{"@id":"https:\/\/leorentalcars.it\/fr\/qui-nous-sommes\/#breadcrumb"},"inLanguage":"fr-FR","potentialAction":[{"@type":"ReadAction","target":["https:\/\/leorentalcars.it\/fr\/qui-nous-sommes\/"]}]},{"@type":"BreadcrumbList","@id":"https:\/\/leorentalcars.it\/fr\/qui-nous-sommes\/#breadcrumb","itemListElement":[{"@type":"ListItem","position":1,"name":"Home","item":"https:\/\/leorentalcars.it\/fr\/"},{"@type":"ListItem","position":2,"name":"Enterprise"}]},{"@type":"WebSite","@id":"https:\/\/leorentalcars.it\/#website","url":"https:\/\/leorentalcars.it\/","name":"Leorentalcars","description":"","publisher":{"@id":"https:\/\/leorentalcars.it\/#organization"},"potentialAction":[{"@type":"SearchAction","target":{"@type":"EntryPoint","urlTemplate":"https:\/\/leorentalcars.it\/?s={search_term_string}"},"query-input":"required name=search_term_string"}],"inLanguage":"fr-FR"},{"@type":"Organization","@id":"https:\/\/leorentalcars.it\/#organization","name":"Leorentalcars","url":"https:\/\/leorentalcars.it\/","logo":{"@type":"ImageObject","inLanguage":"fr-FR","@id":"https:\/\/leorentalcars.it\/#\/schema\/logo\/image\/","url":"https:\/\/leorentalcars.it\/wp-content\/uploads\/2023\/01\/logo-leorentalcars-blu.png","contentUrl":"https:\/\/leorentalcars.it\/wp-content\/uploads\/2023\/01\/logo-leorentalcars-blu.png","width":826,"height":177,"caption":"Leorentalcars"},"image":{"@id":"https:\/\/leorentalcars.it\/#\/schema\/logo\/image\/"}}]}},"_links":{"self":[{"href":"https:\/\/leorentalcars.it\/fr\/wp-json\/wp\/v2\/pages\/3523"}],"collection":[{"href":"https:\/\/leorentalcars.it\/fr\/wp-json\/wp\/v2\/pages"}],"about":[{"href":"https:\/\/leorentalcars.it\/fr\/wp-json\/wp\/v2\/types\/page"}],"author":[{"embeddable":true,"href":"https:\/\/leorentalcars.it\/fr\/wp-json\/wp\/v2\/users\/1"}],"replies":[{"embeddable":true,"href":"https:\/\/leorentalcars.it\/fr\/wp-json\/wp\/v2\/comments?post=3523"}],"version-history":[{"count":11,"href":"https:\/\/leorentalcars.it\/fr\/wp-json\/wp\/v2\/pages\/3523\/revisions"}],"predecessor-version":[{"id":4994,"href":"https:\/\/leorentalcars.it\/fr\/wp-json\/wp\/v2\/pages\/3523\/revisions\/4994"}],"wp:attachment":[{"href":"https:\/\/leorentalcars.it\/fr\/wp-json\/wp\/v2\/media?parent=3523"}],"curies":[{"name":"wp","href":"https:\/\/api.w.org\/{rel}","templated":true}]}}