{"id":3946,"date":"2022-12-09T16:43:40","date_gmt":"2022-12-09T15:43:40","guid":{"rendered":"https:\/\/leorentalcars.it\/consegna-e-ripresa\/"},"modified":"2024-02-07T17:32:55","modified_gmt":"2024-02-07T16:32:55","slug":"bring-und-abhol","status":"publish","type":"page","link":"https:\/\/leorentalcars.it\/de\/bring-und-abhol\/","title":{"rendered":"Bring- und abhol"},"content":{"rendered":"<p>[vc_row css=&#8221;.vc_custom_1453450201221{margin-bottom: 15px !important;}&#8221;][vc_column][vc_single_image image=&#8221;3764&#8243; img_size=&#8221;full&#8221;][\/vc_column][\/vc_row][vc_row][vc_column][vc_custom_heading text=&#8221;BRING- UND ABHOL&#8221; use_theme_fonts=&#8221;yes&#8221; el_class=&#8221;title&#8221;][vc_column_text]Wir bieten einen Liefer- und Abholservice in ganz Apulien an. F\u00fcr die Stadt Brindisi ist er v\u00f6llig kostenlos, w\u00e4hrend f\u00fcr alle anderen Ziele in Apulien eine Geb\u00fchr erhoben wird. Unser Liefer- und Abholservice ist das ganze Jahr \u00fcber an sieben Tagen in der Woche verf\u00fcgbar, auch an Feiertagen, um so unseren Kunden maximalen Komfort zu bieten.[\/vc_column_text][\/vc_column][\/vc_row][vc_row][vc_column width=&#8221;7\/12&#8243;][vc_custom_heading text=&#8221;TRANSPORT VON&#8221; use_theme_fonts=&#8221;yes&#8221; el_class=&#8221;title&#8221;]<ul class='list list-circle-arrow'><li>Brindisi Stadt<\/li><li>Brindisi Flughafen<\/li><li>Bari Flughafen<\/li><li>Grottaglie Flughafen<\/li><li>den Bahnh\u00f6fen in Apulien<\/li><li>Hotels, Ferienh\u00e4usern in Apulien<\/li><li>jedem Ort in Apulien<\/li><\/ul>[\/vc_column][vc_column width=&#8221;5\/12&#8243;][vc_custom_heading text=&#8221;WARUM SIE SICH F\u00dcR UNS ENTSCHEIDEN SOLLTEN&#8221; use_theme_fonts=&#8221;yes&#8221; el_class=&#8221;title&#8221;][vc_column_text]Unser von Leorentalcars entwickelter Bring- und Abholservice auch au\u00dferhalb des Anmietortes erm\u00f6glicht es dir, ein Auto an einem beliebigen Ort in Apulien zu mieten.<\/p>\n<p>Das bedeutet, dass du deinen Mietwagen bequem dort abholen kannst, wo du m\u00f6chtest, und ihn an einem beliebigen Ort in Apulien zur\u00fcckgeben kannst.<\/p>\n<p>Mit Leorentalcars wei\u00dft du genau, wie viel der Bring- und Abholservice kostet, was jedes Mal eine einfache und effiziente Abholung und R\u00fcckgabe bedeutet.[\/vc_column_text][\/vc_column][\/vc_row]<\/p>\n","protected":false},"excerpt":{"rendered":"<p>[vc_row css=&#8221;.vc_custom_1453450201221{margin-bottom: 15px !important;}&#8221;][vc_column][vc_single_image image=&#8221;3764&#8243; img_size=&#8221;full&#8221;][\/vc_column][\/vc_row][vc_row][vc_column][vc_custom_heading text=&#8221;BRING- UND ABHOL&#8221; use_theme_fonts=&#8221;yes&#8221; el_class=&#8221;title&#8221;][vc_column_text]Wir bieten einen Liefer- und Abholservice in ganz Apulien an. F\u00fcr die Stadt Brindisi ist er v\u00f6llig kostenlos, w\u00e4hrend f\u00fcr alle anderen Ziele in Apulien eine Geb\u00fchr erhoben wird. Unser &hellip;<\/p>\n","protected":false},"author":1,"featured_media":0,"parent":0,"menu_order":0,"comment_status":"closed","ping_status":"closed","template":"","meta":[],"yoast_head":"<!-- This site is optimized with the Yoast SEO plugin v19.11 - https:\/\/yoast.com\/wordpress\/plugins\/seo\/ -->\n<title>Bring- und abhol - Leorentalcars<\/title>\n<meta name=\"description\" content=\"La Consegna e Ripresa aeroporto Brindisi \u00e8 completamente gratuita per tutti i nostri clienti, in qualsiasi periodo!\" \/>\n<meta name=\"robots\" content=\"index, follow, max-snippet:-1, max-image-preview:large, max-video-preview:-1\" \/>\n<link rel=\"canonical\" href=\"https:\/\/leorentalcars.it\/de\/bring-und-abhol\/\" \/>\n<meta property=\"og:locale\" content=\"de_DE\" \/>\n<meta property=\"og:type\" content=\"article\" \/>\n<meta property=\"og:title\" content=\"Bring- und abhol - Leorentalcars\" \/>\n<meta property=\"og:description\" content=\"La Consegna e Ripresa aeroporto Brindisi \u00e8 completamente gratuita per tutti i nostri clienti, in qualsiasi periodo!\" \/>\n<meta property=\"og:url\" content=\"https:\/\/leorentalcars.it\/de\/bring-und-abhol\/\" \/>\n<meta property=\"og:site_name\" content=\"Leorentalcars\" \/>\n<meta property=\"article:modified_time\" content=\"2024-02-07T16:32:55+00:00\" \/>\n<meta name=\"twitter:card\" content=\"summary_large_image\" \/>\n<meta name=\"twitter:label1\" content=\"Gesch\u00e4tzte Lesezeit\" \/>\n\t<meta name=\"twitter:data1\" content=\"1\u00a0Minute\" \/>\n<script type=\"application\/ld+json\" class=\"yoast-schema-graph\">{\"@context\":\"https:\/\/schema.org\",\"@graph\":[{\"@type\":\"WebPage\",\"@id\":\"https:\/\/leorentalcars.it\/de\/bring-und-abhol\/\",\"url\":\"https:\/\/leorentalcars.it\/de\/bring-und-abhol\/\",\"name\":\"Bring- und abhol - Leorentalcars\",\"isPartOf\":{\"@id\":\"https:\/\/leorentalcars.it\/#website\"},\"datePublished\":\"2022-12-09T15:43:40+00:00\",\"dateModified\":\"2024-02-07T16:32:55+00:00\",\"description\":\"La Consegna e Ripresa aeroporto Brindisi \u00e8 completamente gratuita per tutti i nostri clienti, in qualsiasi periodo!\",\"breadcrumb\":{\"@id\":\"https:\/\/leorentalcars.it\/de\/bring-und-abhol\/#breadcrumb\"},\"inLanguage\":\"de\",\"potentialAction\":[{\"@type\":\"ReadAction\",\"target\":[\"https:\/\/leorentalcars.it\/de\/bring-und-abhol\/\"]}]},{\"@type\":\"BreadcrumbList\",\"@id\":\"https:\/\/leorentalcars.it\/de\/bring-und-abhol\/#breadcrumb\",\"itemListElement\":[{\"@type\":\"ListItem\",\"position\":1,\"name\":\"Home\",\"item\":\"https:\/\/leorentalcars.it\/de\/\"},{\"@type\":\"ListItem\",\"position\":2,\"name\":\"Bring- und abhol\"}]},{\"@type\":\"WebSite\",\"@id\":\"https:\/\/leorentalcars.it\/#website\",\"url\":\"https:\/\/leorentalcars.it\/\",\"name\":\"Leorentalcars\",\"description\":\"\",\"publisher\":{\"@id\":\"https:\/\/leorentalcars.it\/#organization\"},\"potentialAction\":[{\"@type\":\"SearchAction\",\"target\":{\"@type\":\"EntryPoint\",\"urlTemplate\":\"https:\/\/leorentalcars.it\/?s={search_term_string}\"},\"query-input\":\"required name=search_term_string\"}],\"inLanguage\":\"de\"},{\"@type\":\"Organization\",\"@id\":\"https:\/\/leorentalcars.it\/#organization\",\"name\":\"Leorentalcars\",\"url\":\"https:\/\/leorentalcars.it\/\",\"logo\":{\"@type\":\"ImageObject\",\"inLanguage\":\"de\",\"@id\":\"https:\/\/leorentalcars.it\/#\/schema\/logo\/image\/\",\"url\":\"https:\/\/leorentalcars.it\/wp-content\/uploads\/2023\/01\/logo-leorentalcars-blu.png\",\"contentUrl\":\"https:\/\/leorentalcars.it\/wp-content\/uploads\/2023\/01\/logo-leorentalcars-blu.png\",\"width\":826,\"height\":177,\"caption\":\"Leorentalcars\"},\"image\":{\"@id\":\"https:\/\/leorentalcars.it\/#\/schema\/logo\/image\/\"}}]}<\/script>\n<!-- \/ Yoast SEO plugin. -->","yoast_head_json":{"title":"Bring- und abhol - Leorentalcars","description":"La Consegna e Ripresa aeroporto Brindisi \u00e8 completamente gratuita per tutti i nostri clienti, in qualsiasi periodo!","robots":{"index":"index","follow":"follow","max-snippet":"max-snippet:-1","max-image-preview":"max-image-preview:large","max-video-preview":"max-video-preview:-1"},"canonical":"https:\/\/leorentalcars.it\/de\/bring-und-abhol\/","og_locale":"de_DE","og_type":"article","og_title":"Bring- und abhol - Leorentalcars","og_description":"La Consegna e Ripresa aeroporto Brindisi \u00e8 completamente gratuita per tutti i nostri clienti, in qualsiasi periodo!","og_url":"https:\/\/leorentalcars.it\/de\/bring-und-abhol\/","og_site_name":"Leorentalcars","article_modified_time":"2024-02-07T16:32:55+00:00","twitter_card":"summary_large_image","twitter_misc":{"Gesch\u00e4tzte Lesezeit":"1\u00a0Minute"},"schema":{"@context":"https:\/\/schema.org","@graph":[{"@type":"WebPage","@id":"https:\/\/leorentalcars.it\/de\/bring-und-abhol\/","url":"https:\/\/leorentalcars.it\/de\/bring-und-abhol\/","name":"Bring- und abhol - Leorentalcars","isPartOf":{"@id":"https:\/\/leorentalcars.it\/#website"},"datePublished":"2022-12-09T15:43:40+00:00","dateModified":"2024-02-07T16:32:55+00:00","description":"La Consegna e Ripresa aeroporto Brindisi \u00e8 completamente gratuita per tutti i nostri clienti, in qualsiasi periodo!","breadcrumb":{"@id":"https:\/\/leorentalcars.it\/de\/bring-und-abhol\/#breadcrumb"},"inLanguage":"de","potentialAction":[{"@type":"ReadAction","target":["https:\/\/leorentalcars.it\/de\/bring-und-abhol\/"]}]},{"@type":"BreadcrumbList","@id":"https:\/\/leorentalcars.it\/de\/bring-und-abhol\/#breadcrumb","itemListElement":[{"@type":"ListItem","position":1,"name":"Home","item":"https:\/\/leorentalcars.it\/de\/"},{"@type":"ListItem","position":2,"name":"Bring- und abhol"}]},{"@type":"WebSite","@id":"https:\/\/leorentalcars.it\/#website","url":"https:\/\/leorentalcars.it\/","name":"Leorentalcars","description":"","publisher":{"@id":"https:\/\/leorentalcars.it\/#organization"},"potentialAction":[{"@type":"SearchAction","target":{"@type":"EntryPoint","urlTemplate":"https:\/\/leorentalcars.it\/?s={search_term_string}"},"query-input":"required name=search_term_string"}],"inLanguage":"de"},{"@type":"Organization","@id":"https:\/\/leorentalcars.it\/#organization","name":"Leorentalcars","url":"https:\/\/leorentalcars.it\/","logo":{"@type":"ImageObject","inLanguage":"de","@id":"https:\/\/leorentalcars.it\/#\/schema\/logo\/image\/","url":"https:\/\/leorentalcars.it\/wp-content\/uploads\/2023\/01\/logo-leorentalcars-blu.png","contentUrl":"https:\/\/leorentalcars.it\/wp-content\/uploads\/2023\/01\/logo-leorentalcars-blu.png","width":826,"height":177,"caption":"Leorentalcars"},"image":{"@id":"https:\/\/leorentalcars.it\/#\/schema\/logo\/image\/"}}]}},"_links":{"self":[{"href":"https:\/\/leorentalcars.it\/de\/wp-json\/wp\/v2\/pages\/3946"}],"collection":[{"href":"https:\/\/leorentalcars.it\/de\/wp-json\/wp\/v2\/pages"}],"about":[{"href":"https:\/\/leorentalcars.it\/de\/wp-json\/wp\/v2\/types\/page"}],"author":[{"embeddable":true,"href":"https:\/\/leorentalcars.it\/de\/wp-json\/wp\/v2\/users\/1"}],"replies":[{"embeddable":true,"href":"https:\/\/leorentalcars.it\/de\/wp-json\/wp\/v2\/comments?post=3946"}],"version-history":[{"count":3,"href":"https:\/\/leorentalcars.it\/de\/wp-json\/wp\/v2\/pages\/3946\/revisions"}],"predecessor-version":[{"id":3958,"href":"https:\/\/leorentalcars.it\/de\/wp-json\/wp\/v2\/pages\/3946\/revisions\/3958"}],"wp:attachment":[{"href":"https:\/\/leorentalcars.it\/de\/wp-json\/wp\/v2\/media?parent=3946"}],"curies":[{"name":"wp","href":"https:\/\/api.w.org\/{rel}","templated":true}]}}