{"id":3944,"date":"2023-11-20T12:37:22","date_gmt":"2023-11-20T11:37:22","guid":{"rendered":"https:\/\/leorentalcars.it\/autonoleggio-diamond\/"},"modified":"2025-10-03T16:24:28","modified_gmt":"2025-10-03T14:24:28","slug":"diamond-autovermietung","status":"publish","type":"page","link":"https:\/\/leorentalcars.it\/de\/diamond-autovermietung\/","title":{"rendered":"Diamond autovermietung"},"content":{"rendered":"<p>[vc_row css=&#8221;.vc_custom_1453450201221{margin-bottom: 15px !important;}&#8221;][vc_column][vc_single_image image=&#8221;4878&#8243; img_size=&#8221;full&#8221;][\/vc_column][\/vc_row][vc_row][vc_column][vc_custom_heading text=&#8221;DIAMOND-AUTOVERMIETUNG&#8221; use_theme_fonts=&#8221;yes&#8221; el_class=&#8221;title&#8221;][vc_column_text]Die Diamond-Autovermietung ist die spezielle Formel, die von Leorentalcars entwickelt wurde, um dir einen &#8220;Rundum-Sorglos&#8221;-Service zu bieten. In der Tat ist die Sicherheit bei der Planung einer Reise immer von entscheidender Bedeutung, ganz gleich, ob es sich um eine Reise auf der Stra\u00dfe, eine Gesch\u00e4ftsreise, einen romantischen Urlaub, einen Ausflug mit den Kindern zum Strand oder einen Besuch in der wundersch\u00f6nen Region Apulien handelt.[\/vc_column_text][\/vc_column][\/vc_row][vc_row][vc_column width=&#8221;7\/12&#8243;][vc_custom_heading text=&#8221;DETAILS&#8221; use_theme_fonts=&#8221;yes&#8221; el_class=&#8221;title&#8221;]<ul class='list list-circle-arrow'><li>unbegrenzte Kilometeranzahl<\/li><li>Pannenhilfe <\/li><li>Selbstbeteiligung bei Sch\u00e4den \u20ac 0<\/li><li>Selbstbeteiligung bei Diebsthl \u20ac 0<\/li><li>Selbstbeteiligung bei einem Unfall \u20ac 0<\/li><li>kostenloser Shuttle-Service vom\/ zum Flughafen Brindisi<\/li><li>Bring- und Abholservice, der ganz Apulien abdeckt (gegen Bezahlung)<\/li><\/ul>[\/vc_column][vc_column width=&#8221;5\/12&#8243;][vc_custom_heading text=&#8221;WARUM SIE SICH F\u00dcR UNS ENTSCHEIDEN SOLLTEN&#8221; use_theme_fonts=&#8221;yes&#8221; el_class=&#8221;title&#8221;][vc_column_text]Die Premium-Autovermietungen von Leorentalcars sind wirklich sicher und bequem, kurz gesagt, es handelt sich um eine Vermietung ohne Sorgen und ohne \u00dcberraschungen, v\u00f6llig transparent.<\/p>\n<p>So kannst du ein Auto in aller Sicherheit mieten, d.h. mit: Pannenhilfe mit einem Ersatzwagen f\u00fcr die gesamte Dauer der Anmietung, einem zweiten Fahrer inklusive, Selbstbeteiligung bei Sch\u00e4den max. 0\u20ac, bei Diebstahl max. 0\u20ac, bei Unfall oder Kollision 0\u20ac.<\/p>\n<p>Mit Leorentalcars wei\u00dft du genau, wie viel deine Autovermietung kostet, und das bedeutet einfaches und effizientes Einchecken und Abgeben, jedes Mal.[\/vc_column_text][\/vc_column][\/vc_row]<\/p>\n","protected":false},"excerpt":{"rendered":"<p>[vc_row css=&#8221;.vc_custom_1453450201221{margin-bottom: 15px !important;}&#8221;][vc_column][vc_single_image image=&#8221;4878&#8243; img_size=&#8221;full&#8221;][\/vc_column][\/vc_row][vc_row][vc_column][vc_custom_heading text=&#8221;DIAMOND-AUTOVERMIETUNG&#8221; use_theme_fonts=&#8221;yes&#8221; el_class=&#8221;title&#8221;][vc_column_text]Die Diamond-Autovermietung ist die spezielle Formel, die von Leorentalcars entwickelt wurde, um dir einen &#8220;Rundum-Sorglos&#8221;-Service zu bieten. In der Tat ist die Sicherheit bei der Planung einer Reise immer von entscheidender Bedeutung, &hellip;<\/p>\n","protected":false},"author":1,"featured_media":0,"parent":0,"menu_order":0,"comment_status":"closed","ping_status":"closed","template":"","meta":[],"yoast_head":"<!-- This site is optimized with the Yoast SEO plugin v19.11 - https:\/\/yoast.com\/wordpress\/plugins\/seo\/ -->\n<title>Diamond autovermietung - Leorentalcars<\/title>\n<meta name=\"description\" content=\"Il miglior Autonoleggio Brindisi, vicino aeroporto di Brindisi, Leorentalcars, il noleggio auto sicuro e facile pi\u00f9 apprezzato.\" \/>\n<meta name=\"robots\" content=\"index, follow, max-snippet:-1, max-image-preview:large, max-video-preview:-1\" \/>\n<link rel=\"canonical\" href=\"https:\/\/leorentalcars.it\/de\/diamond-autovermietung\/\" \/>\n<meta property=\"og:locale\" content=\"de_DE\" \/>\n<meta property=\"og:type\" content=\"article\" \/>\n<meta property=\"og:title\" content=\"Diamond autovermietung - Leorentalcars\" \/>\n<meta property=\"og:description\" content=\"Il miglior Autonoleggio Brindisi, vicino aeroporto di Brindisi, Leorentalcars, il noleggio auto sicuro e facile pi\u00f9 apprezzato.\" \/>\n<meta property=\"og:url\" content=\"https:\/\/leorentalcars.it\/de\/diamond-autovermietung\/\" \/>\n<meta property=\"og:site_name\" content=\"Leorentalcars\" \/>\n<meta property=\"article:modified_time\" content=\"2025-10-03T14:24:28+00:00\" \/>\n<meta name=\"twitter:card\" content=\"summary_large_image\" \/>\n<meta name=\"twitter:label1\" content=\"Gesch\u00e4tzte Lesezeit\" \/>\n\t<meta name=\"twitter:data1\" content=\"2\u00a0Minuten\" \/>\n<script type=\"application\/ld+json\" class=\"yoast-schema-graph\">{\"@context\":\"https:\/\/schema.org\",\"@graph\":[{\"@type\":\"WebPage\",\"@id\":\"https:\/\/leorentalcars.it\/de\/diamond-autovermietung\/\",\"url\":\"https:\/\/leorentalcars.it\/de\/diamond-autovermietung\/\",\"name\":\"Diamond autovermietung - Leorentalcars\",\"isPartOf\":{\"@id\":\"https:\/\/leorentalcars.it\/#website\"},\"datePublished\":\"2023-11-20T11:37:22+00:00\",\"dateModified\":\"2025-10-03T14:24:28+00:00\",\"description\":\"Il miglior Autonoleggio Brindisi, vicino aeroporto di Brindisi, Leorentalcars, il noleggio auto sicuro e facile pi\u00f9 apprezzato.\",\"breadcrumb\":{\"@id\":\"https:\/\/leorentalcars.it\/de\/diamond-autovermietung\/#breadcrumb\"},\"inLanguage\":\"de\",\"potentialAction\":[{\"@type\":\"ReadAction\",\"target\":[\"https:\/\/leorentalcars.it\/de\/diamond-autovermietung\/\"]}]},{\"@type\":\"BreadcrumbList\",\"@id\":\"https:\/\/leorentalcars.it\/de\/diamond-autovermietung\/#breadcrumb\",\"itemListElement\":[{\"@type\":\"ListItem\",\"position\":1,\"name\":\"Home\",\"item\":\"https:\/\/leorentalcars.it\/de\/\"},{\"@type\":\"ListItem\",\"position\":2,\"name\":\"Diamond autovermietung\"}]},{\"@type\":\"WebSite\",\"@id\":\"https:\/\/leorentalcars.it\/#website\",\"url\":\"https:\/\/leorentalcars.it\/\",\"name\":\"Leorentalcars\",\"description\":\"\",\"publisher\":{\"@id\":\"https:\/\/leorentalcars.it\/#organization\"},\"potentialAction\":[{\"@type\":\"SearchAction\",\"target\":{\"@type\":\"EntryPoint\",\"urlTemplate\":\"https:\/\/leorentalcars.it\/?s={search_term_string}\"},\"query-input\":\"required name=search_term_string\"}],\"inLanguage\":\"de\"},{\"@type\":\"Organization\",\"@id\":\"https:\/\/leorentalcars.it\/#organization\",\"name\":\"Leorentalcars\",\"url\":\"https:\/\/leorentalcars.it\/\",\"logo\":{\"@type\":\"ImageObject\",\"inLanguage\":\"de\",\"@id\":\"https:\/\/leorentalcars.it\/#\/schema\/logo\/image\/\",\"url\":\"https:\/\/leorentalcars.it\/wp-content\/uploads\/2023\/01\/logo-leorentalcars-blu.png\",\"contentUrl\":\"https:\/\/leorentalcars.it\/wp-content\/uploads\/2023\/01\/logo-leorentalcars-blu.png\",\"width\":826,\"height\":177,\"caption\":\"Leorentalcars\"},\"image\":{\"@id\":\"https:\/\/leorentalcars.it\/#\/schema\/logo\/image\/\"}}]}<\/script>\n<!-- \/ Yoast SEO plugin. -->","yoast_head_json":{"title":"Diamond autovermietung - Leorentalcars","description":"Il miglior Autonoleggio Brindisi, vicino aeroporto di Brindisi, Leorentalcars, il noleggio auto sicuro e facile pi\u00f9 apprezzato.","robots":{"index":"index","follow":"follow","max-snippet":"max-snippet:-1","max-image-preview":"max-image-preview:large","max-video-preview":"max-video-preview:-1"},"canonical":"https:\/\/leorentalcars.it\/de\/diamond-autovermietung\/","og_locale":"de_DE","og_type":"article","og_title":"Diamond autovermietung - Leorentalcars","og_description":"Il miglior Autonoleggio Brindisi, vicino aeroporto di Brindisi, Leorentalcars, il noleggio auto sicuro e facile pi\u00f9 apprezzato.","og_url":"https:\/\/leorentalcars.it\/de\/diamond-autovermietung\/","og_site_name":"Leorentalcars","article_modified_time":"2025-10-03T14:24:28+00:00","twitter_card":"summary_large_image","twitter_misc":{"Gesch\u00e4tzte Lesezeit":"2\u00a0Minuten"},"schema":{"@context":"https:\/\/schema.org","@graph":[{"@type":"WebPage","@id":"https:\/\/leorentalcars.it\/de\/diamond-autovermietung\/","url":"https:\/\/leorentalcars.it\/de\/diamond-autovermietung\/","name":"Diamond autovermietung - Leorentalcars","isPartOf":{"@id":"https:\/\/leorentalcars.it\/#website"},"datePublished":"2023-11-20T11:37:22+00:00","dateModified":"2025-10-03T14:24:28+00:00","description":"Il miglior Autonoleggio Brindisi, vicino aeroporto di Brindisi, Leorentalcars, il noleggio auto sicuro e facile pi\u00f9 apprezzato.","breadcrumb":{"@id":"https:\/\/leorentalcars.it\/de\/diamond-autovermietung\/#breadcrumb"},"inLanguage":"de","potentialAction":[{"@type":"ReadAction","target":["https:\/\/leorentalcars.it\/de\/diamond-autovermietung\/"]}]},{"@type":"BreadcrumbList","@id":"https:\/\/leorentalcars.it\/de\/diamond-autovermietung\/#breadcrumb","itemListElement":[{"@type":"ListItem","position":1,"name":"Home","item":"https:\/\/leorentalcars.it\/de\/"},{"@type":"ListItem","position":2,"name":"Diamond autovermietung"}]},{"@type":"WebSite","@id":"https:\/\/leorentalcars.it\/#website","url":"https:\/\/leorentalcars.it\/","name":"Leorentalcars","description":"","publisher":{"@id":"https:\/\/leorentalcars.it\/#organization"},"potentialAction":[{"@type":"SearchAction","target":{"@type":"EntryPoint","urlTemplate":"https:\/\/leorentalcars.it\/?s={search_term_string}"},"query-input":"required name=search_term_string"}],"inLanguage":"de"},{"@type":"Organization","@id":"https:\/\/leorentalcars.it\/#organization","name":"Leorentalcars","url":"https:\/\/leorentalcars.it\/","logo":{"@type":"ImageObject","inLanguage":"de","@id":"https:\/\/leorentalcars.it\/#\/schema\/logo\/image\/","url":"https:\/\/leorentalcars.it\/wp-content\/uploads\/2023\/01\/logo-leorentalcars-blu.png","contentUrl":"https:\/\/leorentalcars.it\/wp-content\/uploads\/2023\/01\/logo-leorentalcars-blu.png","width":826,"height":177,"caption":"Leorentalcars"},"image":{"@id":"https:\/\/leorentalcars.it\/#\/schema\/logo\/image\/"}}]}},"_links":{"self":[{"href":"https:\/\/leorentalcars.it\/de\/wp-json\/wp\/v2\/pages\/3944"}],"collection":[{"href":"https:\/\/leorentalcars.it\/de\/wp-json\/wp\/v2\/pages"}],"about":[{"href":"https:\/\/leorentalcars.it\/de\/wp-json\/wp\/v2\/types\/page"}],"author":[{"embeddable":true,"href":"https:\/\/leorentalcars.it\/de\/wp-json\/wp\/v2\/users\/1"}],"replies":[{"embeddable":true,"href":"https:\/\/leorentalcars.it\/de\/wp-json\/wp\/v2\/comments?post=3944"}],"version-history":[{"count":6,"href":"https:\/\/leorentalcars.it\/de\/wp-json\/wp\/v2\/pages\/3944\/revisions"}],"predecessor-version":[{"id":4912,"href":"https:\/\/leorentalcars.it\/de\/wp-json\/wp\/v2\/pages\/3944\/revisions\/4912"}],"wp:attachment":[{"href":"https:\/\/leorentalcars.it\/de\/wp-json\/wp\/v2\/media?parent=3944"}],"curies":[{"name":"wp","href":"https:\/\/api.w.org\/{rel}","templated":true}]}}