{"id":3940,"date":"2016-01-20T08:20:38","date_gmt":"2016-01-20T07:20:38","guid":{"rendered":"https:\/\/leorentalcars.it\/autonoleggio-economico-brindisi\/"},"modified":"2025-10-03T16:18:06","modified_gmt":"2025-10-03T14:18:06","slug":"gunstige-autovermietung","status":"publish","type":"page","link":"https:\/\/leorentalcars.it\/de\/gunstige-autovermietung\/","title":{"rendered":"G\u00fcnstige autovermietung"},"content":{"rendered":"<p>[vc_row css=&#8221;.vc_custom_1453450201221{margin-bottom: 15px !important;}&#8221;][vc_column][vc_single_image image=&#8221;4874&#8243; img_size=&#8221;full&#8221;][\/vc_column][\/vc_row][vc_row][vc_column][vc_custom_heading text=&#8221;G\u00dcNSTIGE AUTOVERMIETUNG&#8221; use_theme_fonts=&#8221;yes&#8221; el_class=&#8221;title&#8221;][vc_column_text]Die g\u00fcnstige Autovermietung ist die spezielle Formel, die von Leorentalcars entwickelt wurde, um dir einen super g\u00fcnstigen Preis zu bieten, denn Geld zu sparen, w\u00e4hrend du eine Reise planst, ist immer wichtig, egal ob es sich um eine Reise auf der Stra\u00dfe, eine Gesch\u00e4ftsreise, einen romantischen Urlaub, einen Ausflug mit den Kindern zum Strand oder einen Besuch im wundersch\u00f6nen Apulien handelt.[\/vc_column_text][\/vc_column][\/vc_row][vc_row][vc_column width=&#8221;7\/12&#8243;][vc_custom_heading text=&#8221;DETAILS&#8221; use_theme_fonts=&#8221;yes&#8221; el_class=&#8221;title&#8221;]<ul class='list list-circle-arrow'><li>unbegrenzte Kilometeranzahl<\/li><li>Pannenhilfe <\/li><li>Selbstbeteiligung bei Sch\u00e4den \u20ac 1500<\/li><li>Selbstbeteiligung bei Diebsthl \u20ac 2500<\/li><li>Selbstbeteiligung bei einem Unfall \u20ac 300<\/li><li>kostenloser Shuttle-Service vom\/ zum Flughafen Brindisi<\/li><li>Bring- und Abholservice, der ganz Apulien abdeckt (gegen Bezahlung)<\/li><\/ul>[\/vc_column][vc_column width=&#8221;5\/12&#8243;][vc_custom_heading text=&#8221;WARUM SIE SICH F\u00dcR UNS ENTSCHEIDEN SOLLTEN&#8221; use_theme_fonts=&#8221;yes&#8221; el_class=&#8221;title&#8221;][vc_column_text]Die g\u00fcnstigen Autovermietungen von Leorentalcars verlufen reibungslos, sind ohne \u00dcberraschungen oder versteckte Kosten; kurz gesagt, v\u00f6llig transparent.<\/p>\n<p>Das bedeutet, dass du von A nach B kommst, ohne, dass du dar\u00fcber r\u00e4tseln musst, welche Extras zu deinem Gesamtpreis hinzukommen, oder dar\u00fcber nachdenken musst, was in deinem g\u00fcnstigen Mietwagenpaket enthalten ist oder nicht.<\/p>\n<p>Mit Leorentalcars wei\u00dft du genau, wie viel deine Autovermietung kostet, und das bedeutet einfaches und effizientes Einchecken und Abgeben, jedes Mal.[\/vc_column_text][\/vc_column][\/vc_row]<\/p>\n","protected":false},"excerpt":{"rendered":"<p>[vc_row css=&#8221;.vc_custom_1453450201221{margin-bottom: 15px !important;}&#8221;][vc_column][vc_single_image image=&#8221;4874&#8243; img_size=&#8221;full&#8221;][\/vc_column][\/vc_row][vc_row][vc_column][vc_custom_heading text=&#8221;G\u00dcNSTIGE AUTOVERMIETUNG&#8221; use_theme_fonts=&#8221;yes&#8221; el_class=&#8221;title&#8221;][vc_column_text]Die g\u00fcnstige Autovermietung ist die spezielle Formel, die von Leorentalcars entwickelt wurde, um dir einen super g\u00fcnstigen Preis zu bieten, denn Geld zu sparen, w\u00e4hrend du eine Reise planst, ist immer &hellip;<\/p>\n","protected":false},"author":1,"featured_media":0,"parent":0,"menu_order":0,"comment_status":"closed","ping_status":"closed","template":"","meta":[],"yoast_head":"<!-- This site is optimized with the Yoast SEO plugin v19.11 - https:\/\/yoast.com\/wordpress\/plugins\/seo\/ -->\n<title>G\u00fcnstige autovermietung - Leorentalcars<\/title>\n<meta name=\"description\" content=\"Scopri l&#039;Autonoleggio economico Brindisi, nei pressi dell&#039;aeroporto, Leorentalcars, la consegna e la ripresa dall&#039;aeroporto \u00e8 gratuita\" \/>\n<meta name=\"robots\" content=\"index, follow, max-snippet:-1, max-image-preview:large, max-video-preview:-1\" \/>\n<link rel=\"canonical\" href=\"https:\/\/leorentalcars.it\/de\/gunstige-autovermietung\/\" \/>\n<meta property=\"og:locale\" content=\"de_DE\" \/>\n<meta property=\"og:type\" content=\"article\" \/>\n<meta property=\"og:title\" content=\"G\u00fcnstige autovermietung - Leorentalcars\" \/>\n<meta property=\"og:description\" content=\"Scopri l&#039;Autonoleggio economico Brindisi, nei pressi dell&#039;aeroporto, Leorentalcars, la consegna e la ripresa dall&#039;aeroporto \u00e8 gratuita\" \/>\n<meta property=\"og:url\" content=\"https:\/\/leorentalcars.it\/de\/gunstige-autovermietung\/\" \/>\n<meta property=\"og:site_name\" content=\"Leorentalcars\" \/>\n<meta property=\"article:modified_time\" content=\"2025-10-03T14:18:06+00:00\" \/>\n<meta name=\"twitter:card\" content=\"summary_large_image\" \/>\n<meta name=\"twitter:label1\" content=\"Gesch\u00e4tzte Lesezeit\" \/>\n\t<meta name=\"twitter:data1\" content=\"1\u00a0Minute\" \/>\n<script type=\"application\/ld+json\" class=\"yoast-schema-graph\">{\"@context\":\"https:\/\/schema.org\",\"@graph\":[{\"@type\":\"WebPage\",\"@id\":\"https:\/\/leorentalcars.it\/de\/gunstige-autovermietung\/\",\"url\":\"https:\/\/leorentalcars.it\/de\/gunstige-autovermietung\/\",\"name\":\"G\u00fcnstige autovermietung - Leorentalcars\",\"isPartOf\":{\"@id\":\"https:\/\/leorentalcars.it\/#website\"},\"datePublished\":\"2016-01-20T07:20:38+00:00\",\"dateModified\":\"2025-10-03T14:18:06+00:00\",\"description\":\"Scopri l'Autonoleggio economico Brindisi, nei pressi dell'aeroporto, Leorentalcars, la consegna e la ripresa dall'aeroporto \u00e8 gratuita\",\"breadcrumb\":{\"@id\":\"https:\/\/leorentalcars.it\/de\/gunstige-autovermietung\/#breadcrumb\"},\"inLanguage\":\"de\",\"potentialAction\":[{\"@type\":\"ReadAction\",\"target\":[\"https:\/\/leorentalcars.it\/de\/gunstige-autovermietung\/\"]}]},{\"@type\":\"BreadcrumbList\",\"@id\":\"https:\/\/leorentalcars.it\/de\/gunstige-autovermietung\/#breadcrumb\",\"itemListElement\":[{\"@type\":\"ListItem\",\"position\":1,\"name\":\"Home\",\"item\":\"https:\/\/leorentalcars.it\/de\/\"},{\"@type\":\"ListItem\",\"position\":2,\"name\":\"G\u00fcnstige autovermietung\"}]},{\"@type\":\"WebSite\",\"@id\":\"https:\/\/leorentalcars.it\/#website\",\"url\":\"https:\/\/leorentalcars.it\/\",\"name\":\"Leorentalcars\",\"description\":\"\",\"publisher\":{\"@id\":\"https:\/\/leorentalcars.it\/#organization\"},\"potentialAction\":[{\"@type\":\"SearchAction\",\"target\":{\"@type\":\"EntryPoint\",\"urlTemplate\":\"https:\/\/leorentalcars.it\/?s={search_term_string}\"},\"query-input\":\"required name=search_term_string\"}],\"inLanguage\":\"de\"},{\"@type\":\"Organization\",\"@id\":\"https:\/\/leorentalcars.it\/#organization\",\"name\":\"Leorentalcars\",\"url\":\"https:\/\/leorentalcars.it\/\",\"logo\":{\"@type\":\"ImageObject\",\"inLanguage\":\"de\",\"@id\":\"https:\/\/leorentalcars.it\/#\/schema\/logo\/image\/\",\"url\":\"https:\/\/leorentalcars.it\/wp-content\/uploads\/2023\/01\/logo-leorentalcars-blu.png\",\"contentUrl\":\"https:\/\/leorentalcars.it\/wp-content\/uploads\/2023\/01\/logo-leorentalcars-blu.png\",\"width\":826,\"height\":177,\"caption\":\"Leorentalcars\"},\"image\":{\"@id\":\"https:\/\/leorentalcars.it\/#\/schema\/logo\/image\/\"}}]}<\/script>\n<!-- \/ Yoast SEO plugin. -->","yoast_head_json":{"title":"G\u00fcnstige autovermietung - Leorentalcars","description":"Scopri l'Autonoleggio economico Brindisi, nei pressi dell'aeroporto, Leorentalcars, la consegna e la ripresa dall'aeroporto \u00e8 gratuita","robots":{"index":"index","follow":"follow","max-snippet":"max-snippet:-1","max-image-preview":"max-image-preview:large","max-video-preview":"max-video-preview:-1"},"canonical":"https:\/\/leorentalcars.it\/de\/gunstige-autovermietung\/","og_locale":"de_DE","og_type":"article","og_title":"G\u00fcnstige autovermietung - Leorentalcars","og_description":"Scopri l'Autonoleggio economico Brindisi, nei pressi dell'aeroporto, Leorentalcars, la consegna e la ripresa dall'aeroporto \u00e8 gratuita","og_url":"https:\/\/leorentalcars.it\/de\/gunstige-autovermietung\/","og_site_name":"Leorentalcars","article_modified_time":"2025-10-03T14:18:06+00:00","twitter_card":"summary_large_image","twitter_misc":{"Gesch\u00e4tzte Lesezeit":"1\u00a0Minute"},"schema":{"@context":"https:\/\/schema.org","@graph":[{"@type":"WebPage","@id":"https:\/\/leorentalcars.it\/de\/gunstige-autovermietung\/","url":"https:\/\/leorentalcars.it\/de\/gunstige-autovermietung\/","name":"G\u00fcnstige autovermietung - Leorentalcars","isPartOf":{"@id":"https:\/\/leorentalcars.it\/#website"},"datePublished":"2016-01-20T07:20:38+00:00","dateModified":"2025-10-03T14:18:06+00:00","description":"Scopri l'Autonoleggio economico Brindisi, nei pressi dell'aeroporto, Leorentalcars, la consegna e la ripresa dall'aeroporto \u00e8 gratuita","breadcrumb":{"@id":"https:\/\/leorentalcars.it\/de\/gunstige-autovermietung\/#breadcrumb"},"inLanguage":"de","potentialAction":[{"@type":"ReadAction","target":["https:\/\/leorentalcars.it\/de\/gunstige-autovermietung\/"]}]},{"@type":"BreadcrumbList","@id":"https:\/\/leorentalcars.it\/de\/gunstige-autovermietung\/#breadcrumb","itemListElement":[{"@type":"ListItem","position":1,"name":"Home","item":"https:\/\/leorentalcars.it\/de\/"},{"@type":"ListItem","position":2,"name":"G\u00fcnstige autovermietung"}]},{"@type":"WebSite","@id":"https:\/\/leorentalcars.it\/#website","url":"https:\/\/leorentalcars.it\/","name":"Leorentalcars","description":"","publisher":{"@id":"https:\/\/leorentalcars.it\/#organization"},"potentialAction":[{"@type":"SearchAction","target":{"@type":"EntryPoint","urlTemplate":"https:\/\/leorentalcars.it\/?s={search_term_string}"},"query-input":"required name=search_term_string"}],"inLanguage":"de"},{"@type":"Organization","@id":"https:\/\/leorentalcars.it\/#organization","name":"Leorentalcars","url":"https:\/\/leorentalcars.it\/","logo":{"@type":"ImageObject","inLanguage":"de","@id":"https:\/\/leorentalcars.it\/#\/schema\/logo\/image\/","url":"https:\/\/leorentalcars.it\/wp-content\/uploads\/2023\/01\/logo-leorentalcars-blu.png","contentUrl":"https:\/\/leorentalcars.it\/wp-content\/uploads\/2023\/01\/logo-leorentalcars-blu.png","width":826,"height":177,"caption":"Leorentalcars"},"image":{"@id":"https:\/\/leorentalcars.it\/#\/schema\/logo\/image\/"}}]}},"_links":{"self":[{"href":"https:\/\/leorentalcars.it\/de\/wp-json\/wp\/v2\/pages\/3940"}],"collection":[{"href":"https:\/\/leorentalcars.it\/de\/wp-json\/wp\/v2\/pages"}],"about":[{"href":"https:\/\/leorentalcars.it\/de\/wp-json\/wp\/v2\/types\/page"}],"author":[{"embeddable":true,"href":"https:\/\/leorentalcars.it\/de\/wp-json\/wp\/v2\/users\/1"}],"replies":[{"embeddable":true,"href":"https:\/\/leorentalcars.it\/de\/wp-json\/wp\/v2\/comments?post=3940"}],"version-history":[{"count":6,"href":"https:\/\/leorentalcars.it\/de\/wp-json\/wp\/v2\/pages\/3940\/revisions"}],"predecessor-version":[{"id":4906,"href":"https:\/\/leorentalcars.it\/de\/wp-json\/wp\/v2\/pages\/3940\/revisions\/4906"}],"wp:attachment":[{"href":"https:\/\/leorentalcars.it\/de\/wp-json\/wp\/v2\/media?parent=3940"}],"curies":[{"name":"wp","href":"https:\/\/api.w.org\/{rel}","templated":true}]}}