{"id":3920,"date":"2016-01-19T14:03:09","date_gmt":"2016-01-19T13:03:09","guid":{"rendered":"https:\/\/leorentalcars.it\/chi-siamo\/"},"modified":"2025-12-29T11:43:08","modified_gmt":"2025-12-29T10:43:08","slug":"uber-uns","status":"publish","type":"page","link":"https:\/\/leorentalcars.it\/de\/uber-uns\/","title":{"rendered":"\u00dcber uns"},"content":{"rendered":"<p>[vc_row css=&#8221;.vc_custom_1460122496361{margin-bottom: 30px !important;}&#8221;][vc_column width=&#8221;1\/2&#8243;][vc_custom_heading text=&#8221;LEORENTALCARS \u2013 seit 2022&#8243; use_theme_fonts=&#8221;yes&#8221; el_class=&#8221;title&#8221;][vc_empty_space height=&#8221;20px&#8221;][vc_column_text]<em><span style=\"color: #000000;\">Leorentalcars mit Sitz in Brindisi wurde im Jahr 2022 durch den Einfallsreichtum und das Engagement von Alfonso Leo gegr\u00fcndet. <\/span><\/em><\/p>\n<p>Leorentalcars ist nicht nur ein Unternehmen, das sich auf die Vermietung von Autos in kurzen Zeitr\u00e4umen spezialisiert hat, sondern unterleigt auch dem Credo, das aus der Arbeit und Erfahrung eines Teams mit einem gemeinsamen Ziel entstanden ist: Wir wollen wachsen, indem wir uns gemeinsam und best\u00e4ndig auf das gemeinsame Ziel zubewegen, das wir uns Tag f\u00fcr Tag setzen.<\/p>\n<p>Das Hauptmerkmal unseres Gesch\u00e4ftsmodells ist insbesondere die Bewegung, oder besser gesagt die Dynamik: Wir gehen immer mit der Entwicklung des Marktes mit und sind in der Lage, in kurzer Zeit die besten Mobilit\u00e4tsl\u00f6sungen anzubieten, egal ob du ein Auto oder ein 9-Sitzer-Fahrzeug mietest.<\/p>\n<p>Ob du nun ein italienischer oder ein ausl\u00e4ndischer Kunde bist, wir garantieren dir eine Rundumbetreuung zu jeder Zeit und f\u00fcr jeden Bedarf und befreien dich so von allen fahrzeugbezogenen Sorgen, damit du dich ganz dem Vergn\u00fcgen widmen kannst, dein n\u00e4chstes Ziel zu erreichen.[\/vc_column_text][\/vc_column][vc_column width=&#8221;1\/2&#8243;][vc_single_image image=&#8221;4975&#8243; img_size=&#8221;full&#8221;][\/vc_column][\/vc_row][vc_row css=&#8221;.vc_custom_1460122436961{margin-bottom: 50px !important;}&#8221;][vc_column][vc_custom_heading text=&#8221;UNSERE GESCHICHTE&#8221; use_theme_fonts=&#8221;yes&#8221; el_class=&#8221;title&#8221;][vc_empty_space height=&#8221;20px&#8221;]<div class=\"timeline\"><div class=\"timeline-item\"><div class=\"timeline-year\">2022<\/div><div class=\"timeline-content\"><h3 class=\"timeline-title\">Die Geburtsstunde<\/h3><div class=\"timeline-text\">Wir sind jung, verf\u00fcgen aber \u00fcber jahrzehntelange Erfahrung. Wir sind mit einem B\u00fcro in Brindisi in der Via Maestri del lavoro sn in die Welt der Vermietung eingestiegen und haben sofort hervorragendes Feedback von italienischen und ausl\u00e4ndischen Kunden erhalten.<\/div><\/div><\/div><div class=\"timeline-item\"><div class=\"timeline-year\">2025<\/div><div class=\"timeline-content\"><h3 class=\"timeline-title\">Die Expansion<\/h3><div class=\"timeline-text\">Wir blicken bereits in die Zukunft! Wir erweitern unsere Unternehmensflotte um weitere Fahrzeuge und vor allem um einen neuen Standort im Costa Morena Terminal in Brindisi.<\/div><\/div><\/div><\/div>[\/vc_column][\/vc_row][vc_row css=&#8221;.vc_custom_1453212299071{margin-bottom: 20px !important;}&#8221;][vc_column][vc_custom_heading text=&#8221;TEAM&#8221; use_theme_fonts=&#8221;yes&#8221; el_class=&#8221;title&#8221;][\/vc_column][\/vc_row][vc_row css=&#8221;.vc_custom_1453297105826{margin-bottom: 45px !important;}&#8221;][vc_column]<div class='team team-col-4'><div class='member'><div class='member-wrap'><div class='member-image'><a href='https:\/\/leorentalcars.it\/de\/team\/alfonso-leo\/'><img width=\"370\" height=\"355\" src=\"https:\/\/leorentalcars.it\/wp-content\/uploads\/2016\/01\/Alfonso_370x370_web-370x355.jpg\" class=\"attachment-anps-team size-anps-team wp-post-image\" alt=\"\" decoding=\"async\" loading=\"lazy\" \/><\/a><\/div><a href='https:\/\/leorentalcars.it\/de\/team\/alfonso-leo\/'><h3 class='member-name'>Alfonso Leo<\/h3><\/a><p class='member-desc'>CEO<\/p><\/div><\/div><div class='member'><div class='member-wrap'><div class='member-image'><a href='https:\/\/leorentalcars.it\/de\/team\/michele-tanzarella\/'><img width=\"370\" height=\"355\" src=\"https:\/\/leorentalcars.it\/wp-content\/uploads\/2016\/01\/Michele_370x370_web-370x355.jpg\" class=\"attachment-anps-team size-anps-team wp-post-image\" alt=\"\" decoding=\"async\" loading=\"lazy\" \/><\/a><\/div><a href='https:\/\/leorentalcars.it\/de\/team\/michele-tanzarella\/'><h3 class='member-name'>Michele Tanzarella<\/h3><\/a><p class='member-desc'> Operativer Koordinator<\/p><\/div><\/div><div class='member'><div class='member-wrap'><div class='member-image'><a href='https:\/\/leorentalcars.it\/de\/team\/martina-rizzo\/'><img width=\"370\" height=\"355\" src=\"https:\/\/leorentalcars.it\/wp-content\/uploads\/2016\/01\/Martina_370x370_web-370x355.jpg\" class=\"attachment-anps-team size-anps-team wp-post-image\" alt=\"\" decoding=\"async\" loading=\"lazy\" \/><\/a><\/div><a href='https:\/\/leorentalcars.it\/de\/team\/martina-rizzo\/'><h3 class='member-name'>Martina Rizzo<\/h3><\/a><p class='member-desc'>Administration<\/p><\/div><\/div><div class='member'><div class='member-wrap'><div class='member-image'><a href='https:\/\/leorentalcars.it\/de\/team\/maura-moscatelli\/'><img width=\"370\" height=\"355\" src=\"https:\/\/leorentalcars.it\/wp-content\/uploads\/2016\/01\/Maura_370x370_web-370x355.jpg\" class=\"attachment-anps-team size-anps-team wp-post-image\" alt=\"\" decoding=\"async\" loading=\"lazy\" \/><\/a><\/div><a href='https:\/\/leorentalcars.it\/de\/team\/maura-moscatelli\/'><h3 class='member-name'>Maura Moscatelli<\/h3><\/a><p class='member-desc'>Empfang und Reservierungen<\/p><\/div><\/div><div class='member'><div class='member-wrap'><div class='member-image'><a href='https:\/\/leorentalcars.it\/de\/team\/valeria-tafuri\/'><img width=\"370\" height=\"355\" src=\"https:\/\/leorentalcars.it\/wp-content\/uploads\/2016\/01\/Valeria_370x370_web-370x355.jpg\" class=\"attachment-anps-team size-anps-team wp-post-image\" alt=\"\" decoding=\"async\" loading=\"lazy\" \/><\/a><\/div><a href='https:\/\/leorentalcars.it\/de\/team\/valeria-tafuri\/'><h3 class='member-name'>Valeria Tafuri<\/h3><\/a><p class='member-desc'>Empfang und Reservierungen<\/p><\/div><\/div><div class='member'><div class='member-wrap'><div class='member-image'><a href='https:\/\/leorentalcars.it\/de\/team\/syria-rillo\/'><img width=\"370\" height=\"355\" src=\"https:\/\/leorentalcars.it\/wp-content\/uploads\/2025\/12\/Syria_370x370_web-370x355.jpg\" class=\"attachment-anps-team size-anps-team wp-post-image\" alt=\"\" decoding=\"async\" loading=\"lazy\" \/><\/a><\/div><a href='https:\/\/leorentalcars.it\/de\/team\/syria-rillo\/'><h3 class='member-name'>Syria Rillo<\/h3><\/a><p class='member-desc'>Empfang und Reservierungen<\/p><\/div><\/div><div class='member'><div class='member-wrap'><div class='member-image'><a href='https:\/\/leorentalcars.it\/de\/team\/christian-forti\/'><img width=\"370\" height=\"355\" src=\"https:\/\/leorentalcars.it\/wp-content\/uploads\/2016\/01\/Cristian_370x370_web-370x355.jpg\" class=\"attachment-anps-team size-anps-team wp-post-image\" alt=\"\" decoding=\"async\" loading=\"lazy\" \/><\/a><\/div><a href='https:\/\/leorentalcars.it\/de\/team\/christian-forti\/'><h3 class='member-name'>Christian Forti<\/h3><\/a><p class='member-desc'>Flottenmanagement<\/p><\/div><\/div><div class='member'><div class='member-wrap'><div class='member-image'><a href='https:\/\/leorentalcars.it\/de\/team\/roberto-iunco\/'><img width=\"370\" height=\"355\" src=\"https:\/\/leorentalcars.it\/wp-content\/uploads\/2016\/01\/Roberto_370x370_web-370x355.jpg\" class=\"attachment-anps-team size-anps-team wp-post-image\" alt=\"\" decoding=\"async\" loading=\"lazy\" \/><\/a><\/div><a href='https:\/\/leorentalcars.it\/de\/team\/roberto-iunco\/'><h3 class='member-name'>Roberto Iunco<\/h3><\/a><p class='member-desc'>Flottenmanagement<\/p><\/div><\/div><div class='member'><div class='member-wrap'><div class='member-image'><a href='https:\/\/leorentalcars.it\/de\/team\/giovanni-ammaturo\/'><img width=\"370\" height=\"355\" src=\"https:\/\/leorentalcars.it\/wp-content\/uploads\/2016\/01\/Giovanni_370x370_web-370x355.jpg\" class=\"attachment-anps-team size-anps-team wp-post-image\" alt=\"\" decoding=\"async\" loading=\"lazy\" \/><\/a><\/div><a href='https:\/\/leorentalcars.it\/de\/team\/giovanni-ammaturo\/'><h3 class='member-name'>Giovanni Ammaturo<\/h3><\/a><p class='member-desc'>Flottenmanagement<\/p><\/div><\/div><\/div>[\/vc_column][\/vc_row]<\/p>\n","protected":false},"excerpt":{"rendered":"<p>[vc_row css=&#8221;.vc_custom_1460122496361{margin-bottom: 30px !important;}&#8221;][vc_column width=&#8221;1\/2&#8243;][vc_custom_heading text=&#8221;LEORENTALCARS \u2013 seit 2022&#8243; use_theme_fonts=&#8221;yes&#8221; el_class=&#8221;title&#8221;][vc_empty_space height=&#8221;20px&#8221;][vc_column_text]Leorentalcars mit Sitz in Brindisi wurde im Jahr 2022 durch den Einfallsreichtum und das Engagement von Alfonso Leo gegr\u00fcndet. Leorentalcars ist nicht nur ein Unternehmen, das sich auf die &hellip;<\/p>\n","protected":false},"author":1,"featured_media":0,"parent":0,"menu_order":0,"comment_status":"closed","ping_status":"closed","template":"","meta":[],"yoast_head":"<!-- This site is optimized with the Yoast SEO plugin v19.11 - https:\/\/yoast.com\/wordpress\/plugins\/seo\/ -->\n<title>\u00dcber uns - Leorentalcars<\/title>\n<meta name=\"robots\" content=\"index, follow, max-snippet:-1, max-image-preview:large, max-video-preview:-1\" \/>\n<link rel=\"canonical\" href=\"https:\/\/leorentalcars.it\/de\/uber-uns\/\" \/>\n<meta property=\"og:locale\" content=\"de_DE\" \/>\n<meta property=\"og:type\" content=\"article\" \/>\n<meta property=\"og:title\" content=\"\u00dcber uns - Leorentalcars\" \/>\n<meta property=\"og:description\" content=\"[vc_row css=&#8221;.vc_custom_1460122496361{margin-bottom: 30px !important;}&#8221;][vc_column width=&#8221;1\/2&#8243;][vc_custom_heading text=&#8221;LEORENTALCARS \u2013 seit 2022&#8243; use_theme_fonts=&#8221;yes&#8221; el_class=&#8221;title&#8221;][vc_empty_space height=&#8221;20px&#8221;][vc_column_text]Leorentalcars mit Sitz in Brindisi wurde im Jahr 2022 durch den Einfallsreichtum und das Engagement von Alfonso Leo gegr\u00fcndet. Leorentalcars ist nicht nur ein Unternehmen, das sich auf die &hellip;\" \/>\n<meta property=\"og:url\" content=\"https:\/\/leorentalcars.it\/de\/uber-uns\/\" \/>\n<meta property=\"og:site_name\" content=\"Leorentalcars\" \/>\n<meta property=\"article:modified_time\" content=\"2025-12-29T10:43:08+00:00\" \/>\n<meta name=\"twitter:card\" content=\"summary_large_image\" \/>\n<meta name=\"twitter:label1\" content=\"Gesch\u00e4tzte Lesezeit\" \/>\n\t<meta name=\"twitter:data1\" content=\"2\u00a0Minuten\" \/>\n<script type=\"application\/ld+json\" class=\"yoast-schema-graph\">{\"@context\":\"https:\/\/schema.org\",\"@graph\":[{\"@type\":\"WebPage\",\"@id\":\"https:\/\/leorentalcars.it\/de\/uber-uns\/\",\"url\":\"https:\/\/leorentalcars.it\/de\/uber-uns\/\",\"name\":\"\u00dcber uns - Leorentalcars\",\"isPartOf\":{\"@id\":\"https:\/\/leorentalcars.it\/#website\"},\"datePublished\":\"2016-01-19T13:03:09+00:00\",\"dateModified\":\"2025-12-29T10:43:08+00:00\",\"breadcrumb\":{\"@id\":\"https:\/\/leorentalcars.it\/de\/uber-uns\/#breadcrumb\"},\"inLanguage\":\"de\",\"potentialAction\":[{\"@type\":\"ReadAction\",\"target\":[\"https:\/\/leorentalcars.it\/de\/uber-uns\/\"]}]},{\"@type\":\"BreadcrumbList\",\"@id\":\"https:\/\/leorentalcars.it\/de\/uber-uns\/#breadcrumb\",\"itemListElement\":[{\"@type\":\"ListItem\",\"position\":1,\"name\":\"Home\",\"item\":\"https:\/\/leorentalcars.it\/de\/\"},{\"@type\":\"ListItem\",\"position\":2,\"name\":\"\u00dcber uns\"}]},{\"@type\":\"WebSite\",\"@id\":\"https:\/\/leorentalcars.it\/#website\",\"url\":\"https:\/\/leorentalcars.it\/\",\"name\":\"Leorentalcars\",\"description\":\"\",\"publisher\":{\"@id\":\"https:\/\/leorentalcars.it\/#organization\"},\"potentialAction\":[{\"@type\":\"SearchAction\",\"target\":{\"@type\":\"EntryPoint\",\"urlTemplate\":\"https:\/\/leorentalcars.it\/?s={search_term_string}\"},\"query-input\":\"required name=search_term_string\"}],\"inLanguage\":\"de\"},{\"@type\":\"Organization\",\"@id\":\"https:\/\/leorentalcars.it\/#organization\",\"name\":\"Leorentalcars\",\"url\":\"https:\/\/leorentalcars.it\/\",\"logo\":{\"@type\":\"ImageObject\",\"inLanguage\":\"de\",\"@id\":\"https:\/\/leorentalcars.it\/#\/schema\/logo\/image\/\",\"url\":\"https:\/\/leorentalcars.it\/wp-content\/uploads\/2023\/01\/logo-leorentalcars-blu.png\",\"contentUrl\":\"https:\/\/leorentalcars.it\/wp-content\/uploads\/2023\/01\/logo-leorentalcars-blu.png\",\"width\":826,\"height\":177,\"caption\":\"Leorentalcars\"},\"image\":{\"@id\":\"https:\/\/leorentalcars.it\/#\/schema\/logo\/image\/\"}}]}<\/script>\n<!-- \/ Yoast SEO plugin. -->","yoast_head_json":{"title":"\u00dcber uns - Leorentalcars","robots":{"index":"index","follow":"follow","max-snippet":"max-snippet:-1","max-image-preview":"max-image-preview:large","max-video-preview":"max-video-preview:-1"},"canonical":"https:\/\/leorentalcars.it\/de\/uber-uns\/","og_locale":"de_DE","og_type":"article","og_title":"\u00dcber uns - Leorentalcars","og_description":"[vc_row css=&#8221;.vc_custom_1460122496361{margin-bottom: 30px !important;}&#8221;][vc_column width=&#8221;1\/2&#8243;][vc_custom_heading text=&#8221;LEORENTALCARS \u2013 seit 2022&#8243; use_theme_fonts=&#8221;yes&#8221; el_class=&#8221;title&#8221;][vc_empty_space height=&#8221;20px&#8221;][vc_column_text]Leorentalcars mit Sitz in Brindisi wurde im Jahr 2022 durch den Einfallsreichtum und das Engagement von Alfonso Leo gegr\u00fcndet. Leorentalcars ist nicht nur ein Unternehmen, das sich auf die &hellip;","og_url":"https:\/\/leorentalcars.it\/de\/uber-uns\/","og_site_name":"Leorentalcars","article_modified_time":"2025-12-29T10:43:08+00:00","twitter_card":"summary_large_image","twitter_misc":{"Gesch\u00e4tzte Lesezeit":"2\u00a0Minuten"},"schema":{"@context":"https:\/\/schema.org","@graph":[{"@type":"WebPage","@id":"https:\/\/leorentalcars.it\/de\/uber-uns\/","url":"https:\/\/leorentalcars.it\/de\/uber-uns\/","name":"\u00dcber uns - Leorentalcars","isPartOf":{"@id":"https:\/\/leorentalcars.it\/#website"},"datePublished":"2016-01-19T13:03:09+00:00","dateModified":"2025-12-29T10:43:08+00:00","breadcrumb":{"@id":"https:\/\/leorentalcars.it\/de\/uber-uns\/#breadcrumb"},"inLanguage":"de","potentialAction":[{"@type":"ReadAction","target":["https:\/\/leorentalcars.it\/de\/uber-uns\/"]}]},{"@type":"BreadcrumbList","@id":"https:\/\/leorentalcars.it\/de\/uber-uns\/#breadcrumb","itemListElement":[{"@type":"ListItem","position":1,"name":"Home","item":"https:\/\/leorentalcars.it\/de\/"},{"@type":"ListItem","position":2,"name":"\u00dcber uns"}]},{"@type":"WebSite","@id":"https:\/\/leorentalcars.it\/#website","url":"https:\/\/leorentalcars.it\/","name":"Leorentalcars","description":"","publisher":{"@id":"https:\/\/leorentalcars.it\/#organization"},"potentialAction":[{"@type":"SearchAction","target":{"@type":"EntryPoint","urlTemplate":"https:\/\/leorentalcars.it\/?s={search_term_string}"},"query-input":"required name=search_term_string"}],"inLanguage":"de"},{"@type":"Organization","@id":"https:\/\/leorentalcars.it\/#organization","name":"Leorentalcars","url":"https:\/\/leorentalcars.it\/","logo":{"@type":"ImageObject","inLanguage":"de","@id":"https:\/\/leorentalcars.it\/#\/schema\/logo\/image\/","url":"https:\/\/leorentalcars.it\/wp-content\/uploads\/2023\/01\/logo-leorentalcars-blu.png","contentUrl":"https:\/\/leorentalcars.it\/wp-content\/uploads\/2023\/01\/logo-leorentalcars-blu.png","width":826,"height":177,"caption":"Leorentalcars"},"image":{"@id":"https:\/\/leorentalcars.it\/#\/schema\/logo\/image\/"}}]}},"_links":{"self":[{"href":"https:\/\/leorentalcars.it\/de\/wp-json\/wp\/v2\/pages\/3920"}],"collection":[{"href":"https:\/\/leorentalcars.it\/de\/wp-json\/wp\/v2\/pages"}],"about":[{"href":"https:\/\/leorentalcars.it\/de\/wp-json\/wp\/v2\/types\/page"}],"author":[{"embeddable":true,"href":"https:\/\/leorentalcars.it\/de\/wp-json\/wp\/v2\/users\/1"}],"replies":[{"embeddable":true,"href":"https:\/\/leorentalcars.it\/de\/wp-json\/wp\/v2\/comments?post=3920"}],"version-history":[{"count":8,"href":"https:\/\/leorentalcars.it\/de\/wp-json\/wp\/v2\/pages\/3920\/revisions"}],"predecessor-version":[{"id":4995,"href":"https:\/\/leorentalcars.it\/de\/wp-json\/wp\/v2\/pages\/3920\/revisions\/4995"}],"wp:attachment":[{"href":"https:\/\/leorentalcars.it\/de\/wp-json\/wp\/v2\/media?parent=3920"}],"curies":[{"name":"wp","href":"https:\/\/api.w.org\/{rel}","templated":true}]}}